{"id":56,"date":"2025-02-16T20:05:58","date_gmt":"2025-02-16T20:05:58","guid":{"rendered":"https:\/\/frontrose.gay\/?page_id=56"},"modified":"2025-11-30T17:51:39","modified_gmt":"2025-11-30T17:51:39","slug":"a-propos","status":"publish","type":"page","link":"https:\/\/frontrose.gay\/en\/a-propos\/","title":{"rendered":"About us"},"content":{"rendered":"<p class=\"has-text-align-center translation-block\" style=\"padding-right:var(--wp--preset--spacing--80);padding-left:var(--wp--preset--spacing--80)\"><strong>Front Rose<\/strong> is an autonomous collective and independent media with a revolutionary queer editorial line. The project was born in the fall of 2024 as a continuation of the Queer Revolutionary movements that came to life in Tiohtiake\/Montreal in 2022 (P!nk Bloc, Br\u00fblances, Drag Defenders, etc.).<\/p>\n\n\n\n<p class=\"has-text-align-center translation-block\" style=\"padding-right:var(--wp--preset--spacing--80);padding-left:var(--wp--preset--spacing--80)\">Taking a step back from activism per se, <strong>Front Rose<\/strong> aims to be a space for reflection and dialogue, with a view to developing anticapitalist and queer revolutionary thinking. A thought that aims to anchor queer liberation in a broader logic of overcoming current society and abolishing all systems of oppression and exploitation.<\/p>\n\n\n\n<p class=\"has-text-align-center translation-block\" style=\"padding-right:var(--wp--preset--spacing--80);padding-left:var(--wp--preset--spacing--80)\"><strong>Front Rose<\/strong> is a paper magazine that offers a space for critical and in-depth reflection, but it's also a virtual publication space (social media and website) where news texts are published among other things. The collective is also aiming, in time, to develop audiovisual content. Our website has the additional aim of making various resources accessible to the queer and activist communities.<\/p>\n\n\n\n<div style=\"height:68px\" aria-hidden=\"true\" class=\"wp-block-spacer\"><\/div>\n\n\n\n<figure class=\"wp-block-image aligncenter size-medium is-resized\"><img fetchpriority=\"high\" decoding=\"async\" width=\"300\" height=\"248\" src=\"https:\/\/frontrose.gay\/wp-content\/uploads\/2025\/02\/Black-300x248.png\" alt=\"\" class=\"wp-image-88\" style=\"width:112px;height:auto\" srcset=\"https:\/\/frontrose.gay\/wp-content\/uploads\/2025\/02\/Black-300x248.png 300w, https:\/\/frontrose.gay\/wp-content\/uploads\/2025\/02\/Black-1024x846.png 1024w, https:\/\/frontrose.gay\/wp-content\/uploads\/2025\/02\/Black-768x634.png 768w, https:\/\/frontrose.gay\/wp-content\/uploads\/2025\/02\/Black-1536x1268.png 1536w, https:\/\/frontrose.gay\/wp-content\/uploads\/2025\/02\/Black.png 1733w\" sizes=\"(max-width: 300px) 100vw, 300px\" \/><\/figure>\n\n\n\n<p><\/p>","protected":false},"excerpt":{"rendered":"<p>Front Rose&nbsp;est un collectif autonome et un m\u00e9dia ind\u00e9pendant avec une ligne \u00e9ditoriale queer r\u00e9volutionnaire. Ce projet a vu le<\/p>","protected":false},"author":1,"featured_media":0,"parent":0,"menu_order":0,"comment_status":"closed","ping_status":"closed","template":"","meta":{"colormag_page_layout":"no_sidebar_content_centered","footnotes":""},"class_list":["post-56","page","type-page","status-publish","hentry"],"magazineBlocksPostFeaturedMedia":{"thumbnail":false,"medium":false,"medium_large":false,"large":false,"1536x1536":false,"2048x2048":false,"trp-custom-language-flag":false,"colormag-highlighted-post":false,"colormag-featured-post-medium":false,"colormag-featured-post-small":false,"colormag-featured-image":false,"colormag-default-news":false,"colormag-featured-image-large":false,"colormag-elementor-block-extra-large-thumbnail":false,"colormag-elementor-grid-large-thumbnail":false,"colormag-elementor-grid-small-thumbnail":false,"colormag-elementor-grid-medium-large-thumbnail":false,"mailpoet_newsletter_max":false},"magazineBlocksPostAuthor":{"name":"Front Rose","avatar":"https:\/\/secure.gravatar.com\/avatar\/538a2f1aa4c43ebe553db8c07e2bfc5bdfca24c2817d2fd416ffe336cb23e0c1?s=96&d=blank&r=g"},"magazineBlocksPostCommentsNumber":false,"magazineBlocksPostExcerpt":"Front Rose&nbsp;est un collectif autonome et un m\u00e9dia ind\u00e9pendant avec une ligne \u00e9ditoriale queer r\u00e9volutionnaire. Ce projet a vu le","magazineBlocksPostCategories":[],"magazineBlocksPostViewCount":0,"magazineBlocksPostReadTime":1,"yoast_head":"<!-- This site is optimized with the Yoast SEO plugin v27.0 - https:\/\/yoast.com\/product\/yoast-seo-wordpress\/ -->\n<title>\u00c0 propos - Front Rose<\/title>\n<meta name=\"robots\" content=\"index, follow, max-snippet:-1, max-image-preview:large, max-video-preview:-1\" \/>\n<link rel=\"canonical\" href=\"https:\/\/frontrose.gay\/en\/a-propos\/\" \/>\n<meta property=\"og:locale\" content=\"en_US\" \/>\n<meta property=\"og:type\" content=\"article\" \/>\n<meta property=\"og:title\" content=\"\u00c0 propos - Front Rose\" \/>\n<meta property=\"og:description\" content=\"Front Rose&nbsp;est un collectif autonome et un m\u00e9dia ind\u00e9pendant avec une ligne \u00e9ditoriale queer r\u00e9volutionnaire. Ce projet a vu le\" \/>\n<meta property=\"og:url\" content=\"https:\/\/frontrose.gay\/en\/a-propos\/\" \/>\n<meta property=\"og:site_name\" content=\"Front Rose\" \/>\n<meta property=\"article:modified_time\" content=\"2025-11-30T17:51:39+00:00\" \/>\n<meta property=\"og:image\" content=\"https:\/\/frontrose.gay\/wp-content\/uploads\/2025\/02\/Black.png\" \/>\n\t<meta property=\"og:image:width\" content=\"1733\" \/>\n\t<meta property=\"og:image:height\" content=\"1431\" \/>\n\t<meta property=\"og:image:type\" content=\"image\/png\" \/>\n<meta name=\"twitter:card\" content=\"summary_large_image\" \/>\n<meta name=\"twitter:label1\" content=\"Est. reading time\" \/>\n\t<meta name=\"twitter:data1\" content=\"2 minutes\" \/>\n<script type=\"application\/ld+json\" class=\"yoast-schema-graph\">{\"@context\":\"https:\/\/schema.org\",\"@graph\":[{\"@type\":\"WebPage\",\"@id\":\"https:\/\/frontrose.gay\/a-propos\/\",\"url\":\"https:\/\/frontrose.gay\/a-propos\/\",\"name\":\"\u00c0 propos - Front Rose\",\"isPartOf\":{\"@id\":\"https:\/\/frontrose.gay\/#website\"},\"primaryImageOfPage\":{\"@id\":\"https:\/\/frontrose.gay\/a-propos\/#primaryimage\"},\"image\":{\"@id\":\"https:\/\/frontrose.gay\/a-propos\/#primaryimage\"},\"thumbnailUrl\":\"https:\/\/frontrose.gay\/wp-content\/uploads\/2025\/02\/Black-300x248.png\",\"datePublished\":\"2025-02-16T20:05:58+00:00\",\"dateModified\":\"2025-11-30T17:51:39+00:00\",\"breadcrumb\":{\"@id\":\"https:\/\/frontrose.gay\/a-propos\/#breadcrumb\"},\"inLanguage\":\"en-CA\",\"potentialAction\":[{\"@type\":\"ReadAction\",\"target\":[\"https:\/\/frontrose.gay\/a-propos\/\"]}]},{\"@type\":\"ImageObject\",\"inLanguage\":\"en-CA\",\"@id\":\"https:\/\/frontrose.gay\/a-propos\/#primaryimage\",\"url\":\"https:\/\/frontrose.gay\/wp-content\/uploads\/2025\/02\/Black-300x248.png\",\"contentUrl\":\"https:\/\/frontrose.gay\/wp-content\/uploads\/2025\/02\/Black-300x248.png\"},{\"@type\":\"BreadcrumbList\",\"@id\":\"https:\/\/frontrose.gay\/a-propos\/#breadcrumb\",\"itemListElement\":[{\"@type\":\"ListItem\",\"position\":1,\"name\":\"Home\",\"item\":\"https:\/\/frontrose.gay\/\"},{\"@type\":\"ListItem\",\"position\":2,\"name\":\"\u00c0 propos\"}]},{\"@type\":\"WebSite\",\"@id\":\"https:\/\/frontrose.gay\/#website\",\"url\":\"https:\/\/frontrose.gay\/\",\"name\":\"Front Rose\",\"description\":\"Front Rose n&#039;est pas un magazine de lifestyle queer\",\"publisher\":{\"@id\":\"https:\/\/frontrose.gay\/#organization\"},\"alternateName\":\"frontrose\",\"potentialAction\":[{\"@type\":\"SearchAction\",\"target\":{\"@type\":\"EntryPoint\",\"urlTemplate\":\"https:\/\/frontrose.gay\/?s={search_term_string}\"},\"query-input\":{\"@type\":\"PropertyValueSpecification\",\"valueRequired\":true,\"valueName\":\"search_term_string\"}}],\"inLanguage\":\"en-CA\"},{\"@type\":\"Organization\",\"@id\":\"https:\/\/frontrose.gay\/#organization\",\"name\":\"Front Rose\",\"alternateName\":\"frontrose\",\"url\":\"https:\/\/frontrose.gay\/\",\"logo\":{\"@type\":\"ImageObject\",\"inLanguage\":\"en-CA\",\"@id\":\"https:\/\/frontrose.gay\/#\/schema\/logo\/image\/\",\"url\":\"https:\/\/frontrose.gay\/wp-content\/uploads\/2025\/02\/cropped-cropped-cropped-cropped-frontrose_logo_web-2.png\",\"contentUrl\":\"https:\/\/frontrose.gay\/wp-content\/uploads\/2025\/02\/cropped-cropped-cropped-cropped-frontrose_logo_web-2.png\",\"width\":958,\"height\":196,\"caption\":\"Front Rose\"},\"image\":{\"@id\":\"https:\/\/frontrose.gay\/#\/schema\/logo\/image\/\"}}]}<\/script>\n<!-- \/ Yoast SEO plugin. -->","yoast_head_json":{"title":"\u00c0 propos - Front Rose","robots":{"index":"index","follow":"follow","max-snippet":"max-snippet:-1","max-image-preview":"max-image-preview:large","max-video-preview":"max-video-preview:-1"},"canonical":"https:\/\/frontrose.gay\/en\/a-propos\/","og_locale":"en_US","og_type":"article","og_title":"\u00c0 propos - Front Rose","og_description":"Front Rose&nbsp;est un collectif autonome et un m\u00e9dia ind\u00e9pendant avec une ligne \u00e9ditoriale queer r\u00e9volutionnaire. Ce projet a vu le","og_url":"https:\/\/frontrose.gay\/en\/a-propos\/","og_site_name":"Front Rose","article_modified_time":"2025-11-30T17:51:39+00:00","og_image":[{"width":1733,"height":1431,"url":"https:\/\/frontrose.gay\/wp-content\/uploads\/2025\/02\/Black.png","type":"image\/png"}],"twitter_card":"summary_large_image","twitter_misc":{"Est. reading time":"2 minutes"},"schema":{"@context":"https:\/\/schema.org","@graph":[{"@type":"WebPage","@id":"https:\/\/frontrose.gay\/a-propos\/","url":"https:\/\/frontrose.gay\/a-propos\/","name":"\u00c0 propos - Front Rose","isPartOf":{"@id":"https:\/\/frontrose.gay\/#website"},"primaryImageOfPage":{"@id":"https:\/\/frontrose.gay\/a-propos\/#primaryimage"},"image":{"@id":"https:\/\/frontrose.gay\/a-propos\/#primaryimage"},"thumbnailUrl":"https:\/\/frontrose.gay\/wp-content\/uploads\/2025\/02\/Black-300x248.png","datePublished":"2025-02-16T20:05:58+00:00","dateModified":"2025-11-30T17:51:39+00:00","breadcrumb":{"@id":"https:\/\/frontrose.gay\/a-propos\/#breadcrumb"},"inLanguage":"en-CA","potentialAction":[{"@type":"ReadAction","target":["https:\/\/frontrose.gay\/a-propos\/"]}]},{"@type":"ImageObject","inLanguage":"en-CA","@id":"https:\/\/frontrose.gay\/a-propos\/#primaryimage","url":"https:\/\/frontrose.gay\/wp-content\/uploads\/2025\/02\/Black-300x248.png","contentUrl":"https:\/\/frontrose.gay\/wp-content\/uploads\/2025\/02\/Black-300x248.png"},{"@type":"BreadcrumbList","@id":"https:\/\/frontrose.gay\/a-propos\/#breadcrumb","itemListElement":[{"@type":"ListItem","position":1,"name":"Home","item":"https:\/\/frontrose.gay\/"},{"@type":"ListItem","position":2,"name":"\u00c0 propos"}]},{"@type":"WebSite","@id":"https:\/\/frontrose.gay\/#website","url":"https:\/\/frontrose.gay\/","name":"Front Rose","description":"Front Rose n&#039;est pas un magazine de lifestyle queer","publisher":{"@id":"https:\/\/frontrose.gay\/#organization"},"alternateName":"frontrose","potentialAction":[{"@type":"SearchAction","target":{"@type":"EntryPoint","urlTemplate":"https:\/\/frontrose.gay\/?s={search_term_string}"},"query-input":{"@type":"PropertyValueSpecification","valueRequired":true,"valueName":"search_term_string"}}],"inLanguage":"en-CA"},{"@type":"Organization","@id":"https:\/\/frontrose.gay\/#organization","name":"Front Rose","alternateName":"frontrose","url":"https:\/\/frontrose.gay\/","logo":{"@type":"ImageObject","inLanguage":"en-CA","@id":"https:\/\/frontrose.gay\/#\/schema\/logo\/image\/","url":"https:\/\/frontrose.gay\/wp-content\/uploads\/2025\/02\/cropped-cropped-cropped-cropped-frontrose_logo_web-2.png","contentUrl":"https:\/\/frontrose.gay\/wp-content\/uploads\/2025\/02\/cropped-cropped-cropped-cropped-frontrose_logo_web-2.png","width":958,"height":196,"caption":"Front Rose"},"image":{"@id":"https:\/\/frontrose.gay\/#\/schema\/logo\/image\/"}}]}},"jetpack_sharing_enabled":true,"_links":{"self":[{"href":"https:\/\/frontrose.gay\/en\/wp-json\/wp\/v2\/pages\/56","targetHints":{"allow":["GET"]}}],"collection":[{"href":"https:\/\/frontrose.gay\/en\/wp-json\/wp\/v2\/pages"}],"about":[{"href":"https:\/\/frontrose.gay\/en\/wp-json\/wp\/v2\/types\/page"}],"author":[{"embeddable":true,"href":"https:\/\/frontrose.gay\/en\/wp-json\/wp\/v2\/users\/1"}],"replies":[{"embeddable":true,"href":"https:\/\/frontrose.gay\/en\/wp-json\/wp\/v2\/comments?post=56"}],"version-history":[{"count":10,"href":"https:\/\/frontrose.gay\/en\/wp-json\/wp\/v2\/pages\/56\/revisions"}],"predecessor-version":[{"id":7317,"href":"https:\/\/frontrose.gay\/en\/wp-json\/wp\/v2\/pages\/56\/revisions\/7317"}],"wp:attachment":[{"href":"https:\/\/frontrose.gay\/en\/wp-json\/wp\/v2\/media?parent=56"}],"curies":[{"name":"wp","href":"https:\/\/api.w.org\/{rel}","templated":true}]}}