{"id":6208,"date":"2025-03-24T15:31:09","date_gmt":"2025-03-24T15:31:09","guid":{"rendered":"https:\/\/frontrose.gay\/document-library\/"},"modified":"2025-10-20T01:46:24","modified_gmt":"2025-10-20T01:46:24","slug":"zines","status":"publish","type":"page","link":"https:\/\/frontrose.gay\/en\/zines\/","title":{"rendered":"ZINES"},"content":{"rendered":"<h5 class=\"wp-block-heading\"><strong>If you want to submit a zine, it's here <a href=\"mailto:frontrose@riseup.net\">frontrose@riseup.net<\/a><\/strong><\/h5>\n\n\n\t\t<input type=\"hidden\" name=\"category-search-71843463094262edcd99b498c535cb2712\" value=\"\" class=\"category-search-71843463094262edcd99b498c535cb2712\">\n\t\t<table id=\"71843463094262edcd99b498c535cb2712\" class=\"document-library-table\" data-page-length=\"100\" data-paging=\"false\" data-click-filter=\"true\" data-scroll-offset=\"15\" cellspacing=\"0\" width=\"100%\">\n\t\t\t<thead><tr><th data-name=\"title\" data-priority=\"1\" data-width=\"\" data-orderable=\"true\">Title<\/th><th data-name=\"date\" data-priority=\"2\" data-width=\"\" data-orderable=\"true\">Date<\/th><th data-name=\"link\" data-priority=\"4\" data-width=\"\" data-orderable=\"false\">Link<\/th><\/tr><\/thead>\t\t\t<tbody>\n\t\t\t\t<tr><td><b>\u00c0 Bas Le TERFisme!<\/b> \u2014 <i>T\u00d8<\/i><\/td><td>2025\/04\/05<\/td><td><a href=\"https:\/\/frontrose.gay\/wp-content\/uploads\/2025\/06\/abaslesterfs.pdf\" class=\"\"  download=\"abaslesterfs.pdf\" type=\"application\/pdf\">T\u00e9l\u00e9charger<\/a><\/td><\/tr><tr><td><b>A Gang of Criminal Queers<\/b> \u2014 <i>A Gang of Criminal Queers<\/i><\/td><td>2009\/01\/01<\/td><td><a href=\"https:\/\/frontrose.gay\/wp-content\/uploads\/2025\/03\/mary-nardini-gang-criminal-intimacy.pdf\" class=\"\"  download=\"mary-nardini-gang-criminal-intimacy.pdf\" type=\"application\/pdf\">T\u00e9l\u00e9charger<\/a><\/td><\/tr><tr><td><b>Adam&rsquo; AO3 Stats<\/b> \u2014 <a href='https:\/\/www.instagram.com\/culbute.art\/'><i>Culbute<\/i><\/a><\/td><td>2025\/02\/26<\/td><td><a href=\"https:\/\/frontrose.gay\/wp-content\/uploads\/2025\/03\/CULBUTE_adams_ao3_stats.pdf\" class=\"\"  download=\"CULBUTE_adams_ao3_stats.pdf\" type=\"application\/pdf\">T\u00e9l\u00e9charger<\/a><\/td><\/tr><tr><td><b>Against Monogemism, For liberation!<\/b> \u2014 <i>Your friendly local anti-monogamists<\/i><\/td><td>2022\/01\/01<\/td><td><a href=\"https:\/\/frontrose.gay\/wp-content\/uploads\/2025\/06\/Against-monogemism.pdf\" class=\"\"  download=\"Against-monogemism.pdf\" type=\"application\/pdf\">T\u00e9l\u00e9charger<\/a><\/td><\/tr><tr><td><b>Anthropoc\u00e8ne, capitaloc\u00e8ne, plantationoc\u00e8ne, chthuluc\u00e8ne &#8211; Faire des parents<\/b> \u2014 <i>Donna Haraway<\/i><\/td><td>2016\/01\/01<\/td><td><a href=\"https:\/\/frontrose.gay\/wp-content\/uploads\/2025\/03\/anthropocenebooklet.pdf\" class=\"\"  download=\"anthropocenebooklet.pdf\" type=\"application\/pdf\">T\u00e9l\u00e9charger<\/a><\/td><\/tr><tr><td><b>Appel \u00e0 l&rsquo;action<\/b> \u2014 <a href='https:\/\/la-fags.net\/'><i>La F.A.G.S.<\/i><\/a><\/td><td>2025\/03\/31<\/td><td><a href=\"https:\/\/frontrose.gay\/wp-content\/uploads\/2025\/03\/call-to-action-en_3.0.pdf\" class=\"\"  download=\"call-to-action-en_3.0.pdf\" type=\"application\/pdf\">T\u00e9l\u00e9charger<\/a><\/td><\/tr><tr><td><b>Appel fondateur de l\u2019Organisation de Solidarit\u00e9 Trans<\/b> \u2014 <a href='https:\/\/orgasolitrans.fr\/'><i>Organisation de Solidarit\u00e9 Trans<\/i><\/a><\/td><td>2023\/10\/31<\/td><td><a href=\"https:\/\/frontrose.gay\/wp-content\/uploads\/2025\/03\/Maquettage-OST-appel-natio-1.pdf\" class=\"\"  download=\"Maquettage-OST-appel-natio-1.pdf\" type=\"application\/pdf\">T\u00e9l\u00e9charger<\/a><\/td><\/tr><tr><td><b>Autistic Joy!<\/b> \u2014 <a href='https:\/\/www.instagram.com\/culbute.art\/'><i>Culbute<\/i><\/a><\/td><td>2024\/11\/04<\/td><td><a href=\"https:\/\/frontrose.gay\/wp-content\/uploads\/2025\/03\/CULBUTE_autistic_joy.pdf\" class=\"\"  download=\"CULBUTE_autistic_joy.pdf\" type=\"application\/pdf\">T\u00e9l\u00e9charger<\/a><\/td><\/tr><tr><td><b>be gay make bread<\/b> \u2014 <a href='https:\/\/www.jeunesselambda.com\/'><i>Jeunesse Lambda<\/i><\/a><\/td><td>2024\/05\/28<\/td><td><a href=\"https:\/\/frontrose.gay\/wp-content\/uploads\/2024\/05\/Zine-Lambdread_20250326_183330_0000.pdf\" class=\"\"  download=\"Zine-Lambdread_20250326_183330_0000.pdf\" type=\"application\/pdf\">T\u00e9l\u00e9charger<\/a><\/td><\/tr><tr><td><b>Bite The Hand That Feeds You<\/b> \u2014 <i>canina riziera ferrari<\/i><\/td><td>2019\/09\/01<\/td><td><a href=\"https:\/\/frontrose.gay\/wp-content\/uploads\/2025\/06\/Bite-the-hand-that-feeds-you.pdf\" class=\"\"  download=\"Bite-the-hand-that-feeds-you.pdf\" type=\"application\/pdf\">T\u00e9l\u00e9charger<\/a><\/td><\/tr><tr><td><b>Boobs Not Bombs!<\/b> \u2014 <i><a href=\"https:\/\/cryptpad.fr\/drive\/#\/2\/drive\/view\/isZDZxnR6gLfyvL94EdSYfypGFV1J3yD0oGOLk4cerU\/\">fairy wings collective<\/a><\/i><\/td><td>2022\/06\/01<\/td><td><\/td><\/tr><tr><td><b>Contre le cauchemar du genre<\/b> \u2014 <i>Baedan<\/i><\/td><td>2014\/01\/01<\/td><td><a href=\"https:\/\/frontrose.gay\/wp-content\/uploads\/2025\/03\/against-gender-nightmare-Baedan.pdf\" class=\"\"  download=\"against-gender-nightmare-Baedan.pdf\" type=\"application\/pdf\">T\u00e9l\u00e9charger<\/a><\/td><\/tr><tr><td><b>Critique du consentement<\/b> \u2014 <a href='mailto:zinemachine@proton.me'><i>Zine machine<\/i><\/a><\/td><td>2020\/01\/01<\/td><td><a href=\"https:\/\/frontrose.gay\/wp-content\/uploads\/2025\/03\/Critique-du-consentement-version-a-imprimer.pdf\" class=\"\"  download=\"Critique-du-consentement-version-a-imprimer.pdf\" type=\"application\/pdf\">T\u00e9l\u00e9charger<\/a><\/td><\/tr><tr><td><b>D\u00e9claration de solidarit\u00e9 avec la Palestine<\/b> \u2014 <a href='https:\/\/pink-bloc.info\/en\/'><i>P!nk Block<\/i><\/a><\/td><td>2023\/11\/12<\/td><td><a href=\"https:\/\/frontrose.gay\/wp-content\/uploads\/2025\/03\/Declaration-de-solidarite-avec-la-palestine.pdf\" class=\"\"  download=\"Declaration-de-solidarite-avec-la-palestine.pdf\" type=\"application\/pdf\">T\u00e9l\u00e9charger<\/a><\/td><\/tr><tr><td><b>Droits des mineur-es trans attaqu\u00e9s<\/b> \u2014 <a href='https:\/\/orgasolitrans.fr\/'><i>Organisation de Solidarit\u00e9 Trans<\/i><\/a><\/td><td>2024\/06\/01<\/td><td><a href=\"https:\/\/frontrose.gay\/wp-content\/uploads\/2025\/03\/PDF-Version-3.0.pdf\" class=\"\"  download=\"PDF-Version-3.0.pdf\" type=\"application\/pdf\">T\u00e9l\u00e9charger<\/a><\/td><\/tr><tr><td><b>Est-ce que le zine incarne et demeure un outil pertinent pour la communaut\u00e9 queer?<\/b> \u2014 <a href='https:\/\/www.instagram.com\/culbute.art\/'><i>Culbute<\/i><\/a><\/td><td>2024\/03\/27<\/td><td><a href=\"https:\/\/frontrose.gay\/wp-content\/uploads\/2025\/03\/CULBUTE_outil_queer.pdf\" class=\"\"  download=\"CULBUTE_outil_queer.pdf\" type=\"application\/pdf\">T\u00e9l\u00e9charger<\/a><\/td><\/tr><tr><td><b>Faire mariner le porc<\/b> \u2014 <a href='mailto:zinemachine@proton.me'><i>Zine machine<\/i><\/a><\/td><td>2024\/01\/01<\/td><td><a href=\"https:\/\/frontrose.gay\/wp-content\/uploads\/2025\/03\/faire-mariner-le-porc-impressions.pdf\" class=\"\"  download=\"faire-mariner-le-porc-impressions.pdf\" type=\"application\/pdf\">T\u00e9l\u00e9charger<\/a><\/td><\/tr><tr><td><b>Femme \u00e0 maintenir s\u00e9par\u00e9e<\/b>\u2014 <i>soumission <a href='mailto:atropa@mortemale.org'>anonyme<\/a> \u00e0 <a href='https:\/\/north-shore.info\/2020\/07\/17\/female-keep-separate-prisons-gender-and-the-violence-of-inclusion\/'>North Shore Counter-Info<\/a><\/i><\/td><td>2023\/07\/01<\/td><td><a href=\"https:\/\/frontrose.gay\/wp-content\/uploads\/2025\/04\/femme_a_maintenir_cahier.pdf\" class=\"\"  download=\"femme_a_maintenir_cahier.pdf\" type=\"application\/pdf\">T\u00e9l\u00e9charger<\/a><\/td><\/tr><tr><td><b>Gentil 4.0<\/b> \u2014 <a href='mailto:gentil@riseup.net'><i>Nuage (Front Rose)<\/i><\/a><\/td><td>2025\/03\/24<\/td><td><a href=\"https:\/\/frontrose.gay\/wp-content\/uploads\/2025\/03\/Gentil-4.0-booklet.pdf\" class=\"\"  download=\"Gentil-4.0-booklet.pdf\" type=\"application\/pdf\">T\u00e9l\u00e9charger<\/a><\/td><\/tr><tr><td><b>Grande manifestation des pas sages<\/b> \u2014 <a href='https:\/\/pas-sages.info\/'><i>Nous ne serons pas sages<\/i><\/a><\/td><td>2024\/03\/31<\/td><td><a href=\"https:\/\/frontrose.gay\/wp-content\/uploads\/2025\/03\/NNSPS-Discours-Radio-Can-recto-verso-coupe-11x17-240411.pdf\" class=\"\"  download=\"NNSPS-Discours-Radio-Can-recto-verso-coupe-11x17-240411.pdf\" type=\"application\/pdf\">T\u00e9l\u00e9charger<\/a><\/td><\/tr><tr><td><b>Grosse B\u00e9d\u00e9<\/b> \u2014 <a href='https:\/\/www.instagram.com\/crayondelune'><i>Caroline Naud<\/i><\/a><\/td><td>2021\/11\/21<\/td><td><a href=\"https:\/\/frontrose.gay\/wp-content\/uploads\/2025\/04\/grosse_bede.pdf\" class=\"\"  download=\"grosse_bede.pdf\" type=\"application\/pdf\">T\u00e9l\u00e9charger<\/a><\/td><\/tr><tr><td><b>Guide Pour les Trans Defenders<\/b> \u2014 <a href='https:\/\/pink-bloc.info\/en\/'><i>P!nk Block<\/i><\/a><\/td><td>2023\/10\/19<\/td><td><a href=\"https:\/\/frontrose.gay\/wp-content\/uploads\/2025\/03\/updated-Guide-pour-les-trans-defenders-1.pdf\" class=\"\"  download=\"updated-Guide-pour-les-trans-defenders-1.pdf\" type=\"application\/pdf\">T\u00e9l\u00e9charger<\/a><\/td><\/tr><tr><td><b>I Dont Bashback I Shoot First <\/b> \u2014 <i>anonymous<\/i><\/td><td>2012\/01\/01<\/td><td><a href=\"https:\/\/frontrose.gay\/wp-content\/uploads\/2025\/06\/I-dont-bashback-i-shoot-first.pdf\" class=\"\"  download=\"I-dont-bashback-i-shoot-first.pdf\" type=\"application\/pdf\">T\u00e9l\u00e9charger<\/a><\/td><\/tr><tr><td><b>Le cancer du sein chez les trans<\/b> \u2014 <a href='https:\/\/orgasolitrans.fr\/'><i>Organisation de Solidarit\u00e9 Trans<\/i><\/a><\/td><td>2024\/01\/01<\/td><td><a href=\"https:\/\/frontrose.gay\/wp-content\/uploads\/2025\/03\/Brochure-Octobre-Rose-1.pdf\" class=\"\"  download=\"Brochure-Octobre-Rose-1.pdf\" type=\"application\/pdf\">T\u00e9l\u00e9charger<\/a><\/td><\/tr><tr><td><b>NIGHTFALL<\/b> \u2014 <i>An Agitational Newspaper<\/i><\/td><td>2017\/05\/01<\/td><td><a href=\"https:\/\/frontrose.gay\/wp-content\/uploads\/2017\/05\/NIGHTFALL-SIX.pdf\" class=\"\"  download=\"NIGHTFALL-SIX.pdf\" type=\"application\/pdf\">T\u00e9l\u00e9charger<\/a><\/td><\/tr><tr><td><b>Pipelines<\/b> \u2014 <a href='https:\/\/www.instagram.com\/culbute.art\/'><i>Culbute<\/i><\/a><\/td><td>2024\/09\/30<\/td><td><a href=\"https:\/\/frontrose.gay\/wp-content\/uploads\/2025\/03\/CULBUTE_pipelines.pdf\" class=\"\"  download=\"CULBUTE_pipelines.pdf\" type=\"application\/pdf\">T\u00e9l\u00e9charger<\/a><\/td><\/tr><tr><td><b>Pipelines<\/b> \u2014 <a href='https:\/\/www.instagram.com\/culbute.art\/'><i>Culbute<\/i><\/a><\/td><td>2024\/09\/23<\/td><td><a href=\"https:\/\/frontrose.gay\/wp-content\/uploads\/2025\/03\/CULBUTE_tthoughts.pdf\" class=\"\"  download=\"CULBUTE_tthoughts.pdf\" type=\"application\/pdf\">T\u00e9l\u00e9charger<\/a><\/td><\/tr><tr><td><b>Pour un mouvement queer r\u00e9volutionnaire<\/b> \u2014 <i>Louve Rose<\/i><\/td><td>2023\/01\/01<\/td><td><a href=\"https:\/\/frontrose.gay\/wp-content\/uploads\/2025\/10\/Pour-un-mouvement-queer-revolutionnaire.-11-x-8.5-po-1.pdf\" class=\"\"  download=\"Pour-un-mouvement-queer-revolutionnaire.-11-x-8.5-po-1.pdf\" type=\"application\/pdf\">T\u00e9l\u00e9charger<\/a><\/td><\/tr><tr><td><b>Queers Read This<\/b> \u2014 <i>Anonymous Queers<\/i><\/td><td>1990\/06\/01<\/td><td><a href=\"https:\/\/frontrose.gay\/wp-content\/uploads\/2025\/03\/QueersReadThis.pdf\" class=\"\"  download=\"QueersReadThis.pdf\" type=\"application\/pdf\">T\u00e9l\u00e9charger<\/a><\/td><\/tr><tr><td><b>Rapport contre la normalit\u00e9<\/b> \u2014 <i>Front homosexuel d&rsquo;action r\u00e9volutionnaire<\/i><\/td><td>1971\/01\/01<\/td><td><a href=\"https:\/\/frontrose.gay\/wp-content\/uploads\/2025\/03\/rapport-contre-la-normalite.pdf\" class=\"\"  download=\"rapport-contre-la-normalite.pdf\" type=\"application\/pdf\">T\u00e9l\u00e9charger<\/a><\/td><\/tr><tr><td><b>Sauvagerie Queer<\/b> \u2014 <i>Baedan<\/i><\/td><td>2012\/01\/01<\/td><td><a href=\"https:\/\/frontrose.gay\/wp-content\/uploads\/2025\/03\/1-Sauvagerie-queer-Baedan.pdf\" class=\"\"  download=\"1-Sauvagerie-queer-Baedan.pdf\" type=\"application\/pdf\">T\u00e9l\u00e9charger<\/a><\/td><\/tr><tr><td><b>toward the queerest insurrection<\/b> \u2014 <i>Mary Nardini gang<\/i><\/td><td>2014\/01\/01<\/td><td><a href=\"https:\/\/frontrose.gay\/wp-content\/uploads\/2025\/03\/toward_the_queerest_insurrection_read.pdf\" class=\"\"  download=\"toward_the_queerest_insurrection_read.pdf\" type=\"application\/pdf\">T\u00e9l\u00e9charger<\/a><\/td><\/tr><tr><td><b>Trans de Rue\/Queer Street<\/b> \u2014 <i>Parcours de vie des jeunes trans et non-binaires en situation d&rsquo;itin\u00e9rance au Qu\u00e9bec<\/i><\/td><td>2024\/01\/01<\/td><td><a href=\"https:\/\/frontrose.gay\/wp-content\/uploads\/2025\/03\/transderue.pdf\" class=\"\"  download=\"transderue.pdf\" type=\"application\/pdf\">T\u00e9l\u00e9charger<\/a><\/td><\/tr><tr><td><b>TRCRADZINE<\/b> \u2014 <i><a href='https:\/\/www.instagram.com\/radswmcgill\/?hl=en'>RADSW<\/a> X <a href='https:\/\/www.instagram.com\/radlaw_mcgill\/?hl=en' >RADLAW MCGILL<\/a><\/i><\/td><td>2025\/04\/13<\/td><td><a href=\"https:\/\/frontrose.gay\/wp-content\/uploads\/2025\/04\/TRCRADZINE_ISSUE_1.pdf\" class=\"\"  download=\"TRCRADZINE_ISSUE_1.pdf\" type=\"application\/pdf\">T\u00e9l\u00e9charger<\/a><\/td><\/tr><tr><td><b>Un bref wrap-up sur les sex wars<\/b> \u2014 <a href='mailto:zinemachine@proton.me'><i>Zine machine<\/i><\/a><\/td><td>2024\/01\/01<\/td><td><a href=\"https:\/\/frontrose.gay\/wp-content\/uploads\/2025\/03\/Un-bref-wrap-up-sur-les-sex-wars_impressions.pdf\" class=\"\"  download=\"Un-bref-wrap-up-sur-les-sex-wars_impressions.pdf\" type=\"application\/pdf\">T\u00e9l\u00e9charger<\/a><\/td><\/tr><tr><td><b>Un Plaidoyer pour la Liberation, de la part des Queers en Palestine<\/b> \u2014 <a href='https:\/\/queersinpalestine.noblogs.org\/'><i>Queers in Palestine<\/i><\/a><\/td><td>2024\/01\/01<\/td><td><a href=\"https:\/\/frontrose.gay\/wp-content\/uploads\/2025\/03\/Un-Plaidoyer-pour-la-Liberation-de-la-part-des-Queers-en-Palestine-fr.pdf\" class=\"\"  download=\"Un-Plaidoyer-pour-la-Liberation-de-la-part-des-Queers-en-Palestine-fr.pdf\" type=\"application\/pdf\">T\u00e9l\u00e9charger<\/a><\/td><\/tr><tr><td><b>Unapologetic:the journal of irresponsible gender #1<\/b> \u2014 <i>Anne Tagonist<\/i><\/td><td>1997\/01\/01<\/td><td><a href=\"https:\/\/frontrose.gay\/wp-content\/uploads\/2025\/06\/Unapologetic.pdf\" class=\"\"  download=\"Unapologetic.pdf\" type=\"application\/pdf\">T\u00e9l\u00e9charger<\/a><\/td><\/tr>\t\t\t<\/tbody>\n\t\t<\/table>\n\t\t\n\n\n\n<p><\/p>","protected":false},"excerpt":{"rendered":"<p>Pour nous soumettre un zine, c&rsquo;est ici frontrose@riseup.net<\/p>","protected":false},"author":1,"featured_media":0,"parent":0,"menu_order":0,"comment_status":"closed","ping_status":"closed","template":"","meta":{"colormag_page_layout":"default_layout","footnotes":""},"class_list":["post-6208","page","type-page","status-publish","hentry"],"magazineBlocksPostFeaturedMedia":{"thumbnail":false,"medium":false,"medium_large":false,"large":false,"1536x1536":false,"2048x2048":false,"trp-custom-language-flag":false,"colormag-highlighted-post":false,"colormag-featured-post-medium":false,"colormag-featured-post-small":false,"colormag-featured-image":false,"colormag-default-news":false,"colormag-featured-image-large":false,"colormag-elementor-block-extra-large-thumbnail":false,"colormag-elementor-grid-large-thumbnail":false,"colormag-elementor-grid-small-thumbnail":false,"colormag-elementor-grid-medium-large-thumbnail":false,"mailpoet_newsletter_max":false},"magazineBlocksPostAuthor":{"name":"Front Rose","avatar":"https:\/\/secure.gravatar.com\/avatar\/538a2f1aa4c43ebe553db8c07e2bfc5bdfca24c2817d2fd416ffe336cb23e0c1?s=96&d=blank&r=g"},"magazineBlocksPostCommentsNumber":false,"magazineBlocksPostExcerpt":"Pour nous soumettre un zine, c&rsquo;est ici frontrose@riseup.net","magazineBlocksPostCategories":[],"magazineBlocksPostViewCount":0,"magazineBlocksPostReadTime":1,"yoast_head":"<!-- This site is optimized with the Yoast SEO plugin v27.0 - https:\/\/yoast.com\/product\/yoast-seo-wordpress\/ -->\n<title>ZINES - Front Rose zines<\/title>\n<meta name=\"description\" content=\"Librairie de zines queer et r\u00e9volutionnaires\" \/>\n<meta name=\"robots\" content=\"index, follow, max-snippet:-1, max-image-preview:large, max-video-preview:-1\" \/>\n<link rel=\"canonical\" href=\"https:\/\/frontrose.gay\/en\/zines\/\" \/>\n<meta property=\"og:locale\" content=\"en_US\" \/>\n<meta property=\"og:type\" content=\"article\" \/>\n<meta property=\"og:title\" content=\"ZINES - Front Rose zines\" \/>\n<meta property=\"og:description\" content=\"Librairie de zines queer et r\u00e9volutionnaires\" \/>\n<meta property=\"og:url\" content=\"https:\/\/frontrose.gay\/en\/zines\/\" \/>\n<meta property=\"og:site_name\" content=\"Front Rose\" \/>\n<meta property=\"article:modified_time\" content=\"2025-10-20T01:46:24+00:00\" \/>\n<meta property=\"og:image\" content=\"https:\/\/frontrose.gay\/wp-content\/uploads\/2025\/02\/cropped-cropped-frontrose_logo_web.png\" \/>\n\t<meta property=\"og:image:width\" content=\"1500\" \/>\n\t<meta property=\"og:image:height\" content=\"368\" \/>\n\t<meta property=\"og:image:type\" content=\"image\/png\" \/>\n<meta name=\"twitter:card\" content=\"summary_large_image\" \/>\n<meta name=\"twitter:label1\" content=\"Est. reading time\" \/>\n\t<meta name=\"twitter:data1\" content=\"1 minute\" \/>\n<script type=\"application\/ld+json\" class=\"yoast-schema-graph\">{\"@context\":\"https:\/\/schema.org\",\"@graph\":[{\"@type\":\"WebPage\",\"@id\":\"https:\/\/frontrose.gay\/zines\/\",\"url\":\"https:\/\/frontrose.gay\/zines\/\",\"name\":\"ZINES - Front Rose zines\",\"isPartOf\":{\"@id\":\"https:\/\/frontrose.gay\/#website\"},\"datePublished\":\"2025-03-24T15:31:09+00:00\",\"dateModified\":\"2025-10-20T01:46:24+00:00\",\"description\":\"Librairie de zines queer et r\u00e9volutionnaires\",\"breadcrumb\":{\"@id\":\"https:\/\/frontrose.gay\/zines\/#breadcrumb\"},\"inLanguage\":\"en-CA\",\"potentialAction\":[{\"@type\":\"ReadAction\",\"target\":[\"https:\/\/frontrose.gay\/zines\/\"]}]},{\"@type\":\"BreadcrumbList\",\"@id\":\"https:\/\/frontrose.gay\/zines\/#breadcrumb\",\"itemListElement\":[{\"@type\":\"ListItem\",\"position\":1,\"name\":\"Home\",\"item\":\"https:\/\/frontrose.gay\/\"},{\"@type\":\"ListItem\",\"position\":2,\"name\":\"ZINES\"}]},{\"@type\":\"WebSite\",\"@id\":\"https:\/\/frontrose.gay\/#website\",\"url\":\"https:\/\/frontrose.gay\/\",\"name\":\"Front Rose\",\"description\":\"Front Rose n&#039;est pas un magazine de lifestyle queer\",\"publisher\":{\"@id\":\"https:\/\/frontrose.gay\/#organization\"},\"alternateName\":\"frontrose\",\"potentialAction\":[{\"@type\":\"SearchAction\",\"target\":{\"@type\":\"EntryPoint\",\"urlTemplate\":\"https:\/\/frontrose.gay\/?s={search_term_string}\"},\"query-input\":{\"@type\":\"PropertyValueSpecification\",\"valueRequired\":true,\"valueName\":\"search_term_string\"}}],\"inLanguage\":\"en-CA\"},{\"@type\":\"Organization\",\"@id\":\"https:\/\/frontrose.gay\/#organization\",\"name\":\"Front Rose\",\"alternateName\":\"frontrose\",\"url\":\"https:\/\/frontrose.gay\/\",\"logo\":{\"@type\":\"ImageObject\",\"inLanguage\":\"en-CA\",\"@id\":\"https:\/\/frontrose.gay\/#\/schema\/logo\/image\/\",\"url\":\"https:\/\/frontrose.gay\/wp-content\/uploads\/2025\/02\/cropped-cropped-cropped-cropped-frontrose_logo_web-2.png\",\"contentUrl\":\"https:\/\/frontrose.gay\/wp-content\/uploads\/2025\/02\/cropped-cropped-cropped-cropped-frontrose_logo_web-2.png\",\"width\":958,\"height\":196,\"caption\":\"Front Rose\"},\"image\":{\"@id\":\"https:\/\/frontrose.gay\/#\/schema\/logo\/image\/\"}}]}<\/script>\n<!-- \/ Yoast SEO plugin. -->","yoast_head_json":{"title":"ZINES - Front Rose zines","description":"Librairie de zines queer et r\u00e9volutionnaires","robots":{"index":"index","follow":"follow","max-snippet":"max-snippet:-1","max-image-preview":"max-image-preview:large","max-video-preview":"max-video-preview:-1"},"canonical":"https:\/\/frontrose.gay\/en\/zines\/","og_locale":"en_US","og_type":"article","og_title":"ZINES - Front Rose zines","og_description":"Librairie de zines queer et r\u00e9volutionnaires","og_url":"https:\/\/frontrose.gay\/en\/zines\/","og_site_name":"Front Rose","article_modified_time":"2025-10-20T01:46:24+00:00","og_image":[{"width":1500,"height":368,"url":"https:\/\/frontrose.gay\/wp-content\/uploads\/2025\/02\/cropped-cropped-frontrose_logo_web.png","type":"image\/png"}],"twitter_card":"summary_large_image","twitter_misc":{"Est. reading time":"1 minute"},"schema":{"@context":"https:\/\/schema.org","@graph":[{"@type":"WebPage","@id":"https:\/\/frontrose.gay\/zines\/","url":"https:\/\/frontrose.gay\/zines\/","name":"ZINES - Front Rose zines","isPartOf":{"@id":"https:\/\/frontrose.gay\/#website"},"datePublished":"2025-03-24T15:31:09+00:00","dateModified":"2025-10-20T01:46:24+00:00","description":"Librairie de zines queer et r\u00e9volutionnaires","breadcrumb":{"@id":"https:\/\/frontrose.gay\/zines\/#breadcrumb"},"inLanguage":"en-CA","potentialAction":[{"@type":"ReadAction","target":["https:\/\/frontrose.gay\/zines\/"]}]},{"@type":"BreadcrumbList","@id":"https:\/\/frontrose.gay\/zines\/#breadcrumb","itemListElement":[{"@type":"ListItem","position":1,"name":"Home","item":"https:\/\/frontrose.gay\/"},{"@type":"ListItem","position":2,"name":"ZINES"}]},{"@type":"WebSite","@id":"https:\/\/frontrose.gay\/#website","url":"https:\/\/frontrose.gay\/","name":"Front Rose","description":"Front Rose n&#039;est pas un magazine de lifestyle queer","publisher":{"@id":"https:\/\/frontrose.gay\/#organization"},"alternateName":"frontrose","potentialAction":[{"@type":"SearchAction","target":{"@type":"EntryPoint","urlTemplate":"https:\/\/frontrose.gay\/?s={search_term_string}"},"query-input":{"@type":"PropertyValueSpecification","valueRequired":true,"valueName":"search_term_string"}}],"inLanguage":"en-CA"},{"@type":"Organization","@id":"https:\/\/frontrose.gay\/#organization","name":"Front Rose","alternateName":"frontrose","url":"https:\/\/frontrose.gay\/","logo":{"@type":"ImageObject","inLanguage":"en-CA","@id":"https:\/\/frontrose.gay\/#\/schema\/logo\/image\/","url":"https:\/\/frontrose.gay\/wp-content\/uploads\/2025\/02\/cropped-cropped-cropped-cropped-frontrose_logo_web-2.png","contentUrl":"https:\/\/frontrose.gay\/wp-content\/uploads\/2025\/02\/cropped-cropped-cropped-cropped-frontrose_logo_web-2.png","width":958,"height":196,"caption":"Front Rose"},"image":{"@id":"https:\/\/frontrose.gay\/#\/schema\/logo\/image\/"}}]}},"jetpack_sharing_enabled":true,"_links":{"self":[{"href":"https:\/\/frontrose.gay\/en\/wp-json\/wp\/v2\/pages\/6208","targetHints":{"allow":["GET"]}}],"collection":[{"href":"https:\/\/frontrose.gay\/en\/wp-json\/wp\/v2\/pages"}],"about":[{"href":"https:\/\/frontrose.gay\/en\/wp-json\/wp\/v2\/types\/page"}],"author":[{"embeddable":true,"href":"https:\/\/frontrose.gay\/en\/wp-json\/wp\/v2\/users\/1"}],"replies":[{"embeddable":true,"href":"https:\/\/frontrose.gay\/en\/wp-json\/wp\/v2\/comments?post=6208"}],"version-history":[{"count":11,"href":"https:\/\/frontrose.gay\/en\/wp-json\/wp\/v2\/pages\/6208\/revisions"}],"predecessor-version":[{"id":7211,"href":"https:\/\/frontrose.gay\/en\/wp-json\/wp\/v2\/pages\/6208\/revisions\/7211"}],"wp:attachment":[{"href":"https:\/\/frontrose.gay\/en\/wp-json\/wp\/v2\/media?parent=6208"}],"curies":[{"name":"wp","href":"https:\/\/api.w.org\/{rel}","templated":true}]}}