{"id":6610,"date":"2025-06-01T20:56:38","date_gmt":"2025-06-01T20:56:38","guid":{"rendered":"https:\/\/frontrose.gay\/?page_id=6610"},"modified":"2026-02-19T17:42:02","modified_gmt":"2026-02-19T17:42:02","slug":"soumettre-un-texte-a-front-rose","status":"publish","type":"page","link":"https:\/\/frontrose.gay\/en\/soumettre-un-texte-a-front-rose\/","title":{"rendered":"Text Submission Guidelines"},"content":{"rendered":"\n<h2 class=\"wp-block-heading\">Protocole de soumission<\/h2>\n\n\n\n<p>Les textes,&nbsp;en anglais ou en fran\u00e7ais, sont en format libre mais doivent faire un minimum de 800 mots et un maximum de 3800 mots<sup>1<\/sup>.&nbsp; Ils doivent \u00eatre envoy\u00e9s en format <strong>.doc<\/strong>, <strong>.docx<\/strong>, ou <strong>.rtf<\/strong> \u00e0 l\u2019adresse suivante : &nbsp;<a href=\"mailto:frontrose@riseup.net\">frontrose@riseup.net<\/a>&nbsp;<\/p>\n\n\n\n<p><strong>Dans votre courriel, veuillez sp\u00e9cifier<\/strong><\/p>\n\n\n\n<ul class=\"wp-block-list\">\n<li>Le nom sous lequel vous souhaitez publier (il est possible de choisir l\u2019anonymat) et le titre de l\u2019article<\/li>\n\n\n\n<li>Si vous soumettez votre texte pour le site web ou pour la revue papier<\/li>\n<\/ul>\n\n\n\n<p><strong>L\u2019\u00e9quipe de Front Rose s\u2019engage \u00e0 vous r\u00e9pondre dans un d\u00e9lai maximal<\/strong><\/p>\n\n\n\n<ul class=\"wp-block-list\">\n<li>D\u2019un mois pour les propositions li\u00e9es \u00e0 la revue papier<\/li>\n\n\n\n<li>D\u2019une semaine pour les propositions li\u00e9es au site web<\/li>\n<\/ul>\n\n\n\n<p>Une r\u00e9ponse positive ne signifie pas la publication automatique et imm\u00e9diate du texte, mais l\u2019enclenchement d\u2019un processus d\u2019\u00e9dition et de r\u00e9vision menant \u00e0 la publication.<\/p>\n\n\n\n<p><em>Les articles soumis doivent \u00eatre in\u00e9dits au moment de leur soumission\u00a0et\u00a0jusqu&rsquo;\u00e0 la parution du num\u00e9ro, apr\u00e8s quoi l&rsquo;auteurice peut en disposer \u00e0 sa guise et le publier o\u00f9 iel le souhaite sans accord pr\u00e9alable. Sauf entente contraire, tous les articles qui para\u00eetront dans une \u00e9dition papier de Front rose seront \u00e9ventuellement rendus disponibles sur notre site web au cours de l&rsquo;ann\u00e9e suivant la parution.<\/em><\/p>\n\n\n\n<h2 class=\"wp-block-heading\"><strong>\u00c0 titre indicatif<\/strong> <\/h2>\n\n\n\n<p>La revue Front rose projette une p\u00e9riodicit\u00e9 de deux parutions par ann\u00e9e et se consacre prioritairement aux analyses et aux propositions strat\u00e9giques plus globales. Les num\u00e9ros contiennent une dizaine de textes. Nous vous encourageons \u00e0 envoyer vos report back et tout article davantage li\u00e9 \u00e0 l\u2019actualit\u00e9 pour une publication sur le site web.<\/p>\n\n\n\n<p><em>[1] Si votre texte ne correspond pas \u00e0 ces gabarits mais que vous croyez tout de m\u00eame que sa soumission est pertinente, n&rsquo;h\u00e9sitez pas \u00e0 communiquer avec le comit\u00e9 de r\u00e9daction pour exposer votre projet.&nbsp;<\/em><\/p>\n\n\n\n<p><\/p>\n","protected":false},"excerpt":{"rendered":"<p>Protocole de soumission Les textes,&nbsp;en anglais ou en fran\u00e7ais, sont en format libre mais doivent faire un minimum de 800<\/p>","protected":false},"author":1,"featured_media":6611,"parent":0,"menu_order":0,"comment_status":"closed","ping_status":"closed","template":"","meta":{"colormag_page_layout":"default_layout","footnotes":""},"class_list":["post-6610","page","type-page","status-publish","has-post-thumbnail","hentry"],"magazineBlocksPostFeaturedMedia":{"thumbnail":"https:\/\/frontrose.gay\/wp-content\/uploads\/2025\/06\/soumettretexte-150x150.png","medium":"https:\/\/frontrose.gay\/wp-content\/uploads\/2025\/06\/soumettretexte-300x148.png","medium_large":"https:\/\/frontrose.gay\/wp-content\/uploads\/2025\/06\/soumettretexte-768x380.png","large":"https:\/\/frontrose.gay\/wp-content\/uploads\/2025\/06\/soumettretexte.png","1536x1536":"https:\/\/frontrose.gay\/wp-content\/uploads\/2025\/06\/soumettretexte.png","2048x2048":"https:\/\/frontrose.gay\/wp-content\/uploads\/2025\/06\/soumettretexte.png","trp-custom-language-flag":"https:\/\/frontrose.gay\/wp-content\/uploads\/2025\/06\/soumettretexte.png","colormag-highlighted-post":"https:\/\/frontrose.gay\/wp-content\/uploads\/2025\/06\/soumettretexte-392x272.png","colormag-featured-post-medium":"https:\/\/frontrose.gay\/wp-content\/uploads\/2025\/06\/soumettretexte-390x205.png","colormag-featured-post-small":"https:\/\/frontrose.gay\/wp-content\/uploads\/2025\/06\/soumettretexte-130x90.png","colormag-featured-image":"https:\/\/frontrose.gay\/wp-content\/uploads\/2025\/06\/soumettretexte-800x445.png","colormag-default-news":"https:\/\/frontrose.gay\/wp-content\/uploads\/2025\/06\/soumettretexte-150x150.png","colormag-featured-image-large":"https:\/\/frontrose.gay\/wp-content\/uploads\/2025\/06\/soumettretexte.png","colormag-elementor-block-extra-large-thumbnail":"https:\/\/frontrose.gay\/wp-content\/uploads\/2025\/06\/soumettretexte.png","colormag-elementor-grid-large-thumbnail":"https:\/\/frontrose.gay\/wp-content\/uploads\/2025\/06\/soumettretexte.png","colormag-elementor-grid-small-thumbnail":"https:\/\/frontrose.gay\/wp-content\/uploads\/2025\/06\/soumettretexte.png","colormag-elementor-grid-medium-large-thumbnail":"https:\/\/frontrose.gay\/wp-content\/uploads\/2025\/06\/soumettretexte.png","mailpoet_newsletter_max":"https:\/\/frontrose.gay\/wp-content\/uploads\/2025\/06\/soumettretexte.png"},"magazineBlocksPostAuthor":{"name":"Front Rose","avatar":"https:\/\/secure.gravatar.com\/avatar\/538a2f1aa4c43ebe553db8c07e2bfc5bdfca24c2817d2fd416ffe336cb23e0c1?s=96&d=blank&r=g"},"magazineBlocksPostCommentsNumber":false,"magazineBlocksPostExcerpt":"Protocole de soumission Les textes,&nbsp;en anglais ou en fran\u00e7ais, sont en format libre mais doivent faire un minimum de 800","magazineBlocksPostCategories":[],"magazineBlocksPostViewCount":0,"magazineBlocksPostReadTime":2,"yoast_head":"<!-- This site is optimized with the Yoast SEO plugin v27.0 - https:\/\/yoast.com\/product\/yoast-seo-wordpress\/ -->\n<title>Protocole de soumission - Front Rose<\/title>\n<meta name=\"robots\" content=\"index, follow, max-snippet:-1, max-image-preview:large, max-video-preview:-1\" \/>\n<link rel=\"canonical\" href=\"https:\/\/frontrose.gay\/en\/soumettre-un-texte-a-front-rose\/\" \/>\n<meta property=\"og:locale\" content=\"en_US\" \/>\n<meta property=\"og:type\" content=\"article\" \/>\n<meta property=\"og:title\" content=\"Protocole de soumission - Front Rose\" \/>\n<meta property=\"og:description\" content=\"Protocole de soumission Les textes,&nbsp;en anglais ou en fran\u00e7ais, sont en format libre mais doivent faire un minimum de 800\" \/>\n<meta property=\"og:url\" content=\"https:\/\/frontrose.gay\/en\/soumettre-un-texte-a-front-rose\/\" \/>\n<meta property=\"og:site_name\" content=\"Front Rose\" \/>\n<meta property=\"article:modified_time\" content=\"2026-02-19T17:42:02+00:00\" \/>\n<meta property=\"og:image\" content=\"https:\/\/frontrose.gay\/wp-content\/uploads\/2025\/06\/soumettretexte.png\" \/>\n\t<meta property=\"og:image:width\" content=\"900\" \/>\n\t<meta property=\"og:image:height\" content=\"445\" \/>\n\t<meta property=\"og:image:type\" content=\"image\/png\" \/>\n<meta name=\"twitter:card\" content=\"summary_large_image\" \/>\n<meta name=\"twitter:label1\" content=\"Est. reading time\" \/>\n\t<meta name=\"twitter:data1\" content=\"2 minutes\" \/>\n<script type=\"application\/ld+json\" class=\"yoast-schema-graph\">{\"@context\":\"https:\/\/schema.org\",\"@graph\":[{\"@type\":\"WebPage\",\"@id\":\"https:\/\/frontrose.gay\/soumettre-un-texte-a-front-rose\/\",\"url\":\"https:\/\/frontrose.gay\/soumettre-un-texte-a-front-rose\/\",\"name\":\"Protocole de soumission - Front Rose\",\"isPartOf\":{\"@id\":\"https:\/\/frontrose.gay\/#website\"},\"primaryImageOfPage\":{\"@id\":\"https:\/\/frontrose.gay\/soumettre-un-texte-a-front-rose\/#primaryimage\"},\"image\":{\"@id\":\"https:\/\/frontrose.gay\/soumettre-un-texte-a-front-rose\/#primaryimage\"},\"thumbnailUrl\":\"https:\/\/frontrose.gay\/wp-content\/uploads\/2025\/06\/soumettretexte.png\",\"datePublished\":\"2025-06-01T20:56:38+00:00\",\"dateModified\":\"2026-02-19T17:42:02+00:00\",\"breadcrumb\":{\"@id\":\"https:\/\/frontrose.gay\/soumettre-un-texte-a-front-rose\/#breadcrumb\"},\"inLanguage\":\"en-CA\",\"potentialAction\":[{\"@type\":\"ReadAction\",\"target\":[\"https:\/\/frontrose.gay\/soumettre-un-texte-a-front-rose\/\"]}]},{\"@type\":\"ImageObject\",\"inLanguage\":\"en-CA\",\"@id\":\"https:\/\/frontrose.gay\/soumettre-un-texte-a-front-rose\/#primaryimage\",\"url\":\"https:\/\/frontrose.gay\/wp-content\/uploads\/2025\/06\/soumettretexte.png\",\"contentUrl\":\"https:\/\/frontrose.gay\/wp-content\/uploads\/2025\/06\/soumettretexte.png\",\"width\":900,\"height\":445},{\"@type\":\"BreadcrumbList\",\"@id\":\"https:\/\/frontrose.gay\/soumettre-un-texte-a-front-rose\/#breadcrumb\",\"itemListElement\":[{\"@type\":\"ListItem\",\"position\":1,\"name\":\"Home\",\"item\":\"https:\/\/frontrose.gay\/\"},{\"@type\":\"ListItem\",\"position\":2,\"name\":\"Protocole de soumission\"}]},{\"@type\":\"WebSite\",\"@id\":\"https:\/\/frontrose.gay\/#website\",\"url\":\"https:\/\/frontrose.gay\/\",\"name\":\"Front Rose\",\"description\":\"Front Rose n&#039;est pas un magazine de lifestyle queer\",\"publisher\":{\"@id\":\"https:\/\/frontrose.gay\/#organization\"},\"alternateName\":\"frontrose\",\"potentialAction\":[{\"@type\":\"SearchAction\",\"target\":{\"@type\":\"EntryPoint\",\"urlTemplate\":\"https:\/\/frontrose.gay\/?s={search_term_string}\"},\"query-input\":{\"@type\":\"PropertyValueSpecification\",\"valueRequired\":true,\"valueName\":\"search_term_string\"}}],\"inLanguage\":\"en-CA\"},{\"@type\":\"Organization\",\"@id\":\"https:\/\/frontrose.gay\/#organization\",\"name\":\"Front Rose\",\"alternateName\":\"frontrose\",\"url\":\"https:\/\/frontrose.gay\/\",\"logo\":{\"@type\":\"ImageObject\",\"inLanguage\":\"en-CA\",\"@id\":\"https:\/\/frontrose.gay\/#\/schema\/logo\/image\/\",\"url\":\"https:\/\/frontrose.gay\/wp-content\/uploads\/2025\/02\/cropped-cropped-cropped-cropped-frontrose_logo_web-2.png\",\"contentUrl\":\"https:\/\/frontrose.gay\/wp-content\/uploads\/2025\/02\/cropped-cropped-cropped-cropped-frontrose_logo_web-2.png\",\"width\":958,\"height\":196,\"caption\":\"Front Rose\"},\"image\":{\"@id\":\"https:\/\/frontrose.gay\/#\/schema\/logo\/image\/\"}}]}<\/script>\n<!-- \/ Yoast SEO plugin. -->","yoast_head_json":{"title":"Protocole de soumission - Front Rose","robots":{"index":"index","follow":"follow","max-snippet":"max-snippet:-1","max-image-preview":"max-image-preview:large","max-video-preview":"max-video-preview:-1"},"canonical":"https:\/\/frontrose.gay\/en\/soumettre-un-texte-a-front-rose\/","og_locale":"en_US","og_type":"article","og_title":"Protocole de soumission - Front Rose","og_description":"Protocole de soumission Les textes,&nbsp;en anglais ou en fran\u00e7ais, sont en format libre mais doivent faire un minimum de 800","og_url":"https:\/\/frontrose.gay\/en\/soumettre-un-texte-a-front-rose\/","og_site_name":"Front Rose","article_modified_time":"2026-02-19T17:42:02+00:00","og_image":[{"width":900,"height":445,"url":"https:\/\/frontrose.gay\/wp-content\/uploads\/2025\/06\/soumettretexte.png","type":"image\/png"}],"twitter_card":"summary_large_image","twitter_misc":{"Est. reading time":"2 minutes"},"schema":{"@context":"https:\/\/schema.org","@graph":[{"@type":"WebPage","@id":"https:\/\/frontrose.gay\/soumettre-un-texte-a-front-rose\/","url":"https:\/\/frontrose.gay\/soumettre-un-texte-a-front-rose\/","name":"Protocole de soumission - Front Rose","isPartOf":{"@id":"https:\/\/frontrose.gay\/#website"},"primaryImageOfPage":{"@id":"https:\/\/frontrose.gay\/soumettre-un-texte-a-front-rose\/#primaryimage"},"image":{"@id":"https:\/\/frontrose.gay\/soumettre-un-texte-a-front-rose\/#primaryimage"},"thumbnailUrl":"https:\/\/frontrose.gay\/wp-content\/uploads\/2025\/06\/soumettretexte.png","datePublished":"2025-06-01T20:56:38+00:00","dateModified":"2026-02-19T17:42:02+00:00","breadcrumb":{"@id":"https:\/\/frontrose.gay\/soumettre-un-texte-a-front-rose\/#breadcrumb"},"inLanguage":"en-CA","potentialAction":[{"@type":"ReadAction","target":["https:\/\/frontrose.gay\/soumettre-un-texte-a-front-rose\/"]}]},{"@type":"ImageObject","inLanguage":"en-CA","@id":"https:\/\/frontrose.gay\/soumettre-un-texte-a-front-rose\/#primaryimage","url":"https:\/\/frontrose.gay\/wp-content\/uploads\/2025\/06\/soumettretexte.png","contentUrl":"https:\/\/frontrose.gay\/wp-content\/uploads\/2025\/06\/soumettretexte.png","width":900,"height":445},{"@type":"BreadcrumbList","@id":"https:\/\/frontrose.gay\/soumettre-un-texte-a-front-rose\/#breadcrumb","itemListElement":[{"@type":"ListItem","position":1,"name":"Home","item":"https:\/\/frontrose.gay\/"},{"@type":"ListItem","position":2,"name":"Protocole de soumission"}]},{"@type":"WebSite","@id":"https:\/\/frontrose.gay\/#website","url":"https:\/\/frontrose.gay\/","name":"Front Rose","description":"Front Rose n&#039;est pas un magazine de lifestyle queer","publisher":{"@id":"https:\/\/frontrose.gay\/#organization"},"alternateName":"frontrose","potentialAction":[{"@type":"SearchAction","target":{"@type":"EntryPoint","urlTemplate":"https:\/\/frontrose.gay\/?s={search_term_string}"},"query-input":{"@type":"PropertyValueSpecification","valueRequired":true,"valueName":"search_term_string"}}],"inLanguage":"en-CA"},{"@type":"Organization","@id":"https:\/\/frontrose.gay\/#organization","name":"Front Rose","alternateName":"frontrose","url":"https:\/\/frontrose.gay\/","logo":{"@type":"ImageObject","inLanguage":"en-CA","@id":"https:\/\/frontrose.gay\/#\/schema\/logo\/image\/","url":"https:\/\/frontrose.gay\/wp-content\/uploads\/2025\/02\/cropped-cropped-cropped-cropped-frontrose_logo_web-2.png","contentUrl":"https:\/\/frontrose.gay\/wp-content\/uploads\/2025\/02\/cropped-cropped-cropped-cropped-frontrose_logo_web-2.png","width":958,"height":196,"caption":"Front Rose"},"image":{"@id":"https:\/\/frontrose.gay\/#\/schema\/logo\/image\/"}}]}},"jetpack_sharing_enabled":true,"_links":{"self":[{"href":"https:\/\/frontrose.gay\/en\/wp-json\/wp\/v2\/pages\/6610","targetHints":{"allow":["GET"]}}],"collection":[{"href":"https:\/\/frontrose.gay\/en\/wp-json\/wp\/v2\/pages"}],"about":[{"href":"https:\/\/frontrose.gay\/en\/wp-json\/wp\/v2\/types\/page"}],"author":[{"embeddable":true,"href":"https:\/\/frontrose.gay\/en\/wp-json\/wp\/v2\/users\/1"}],"replies":[{"embeddable":true,"href":"https:\/\/frontrose.gay\/en\/wp-json\/wp\/v2\/comments?post=6610"}],"version-history":[{"count":17,"href":"https:\/\/frontrose.gay\/en\/wp-json\/wp\/v2\/pages\/6610\/revisions"}],"predecessor-version":[{"id":7603,"href":"https:\/\/frontrose.gay\/en\/wp-json\/wp\/v2\/pages\/6610\/revisions\/7603"}],"wp:featuredmedia":[{"embeddable":true,"href":"https:\/\/frontrose.gay\/en\/wp-json\/wp\/v2\/media\/6611"}],"wp:attachment":[{"href":"https:\/\/frontrose.gay\/en\/wp-json\/wp\/v2\/media?parent=6610"}],"curies":[{"name":"wp","href":"https:\/\/api.w.org\/{rel}","templated":true}]}}