{"id":6876,"date":"2025-06-20T19:11:52","date_gmt":"2025-06-20T19:11:52","guid":{"rendered":"https:\/\/frontrose.gay\/?page_id=6876"},"modified":"2026-02-19T17:40:31","modified_gmt":"2026-02-19T17:40:31","slug":"appel-de-texte","status":"publish","type":"page","link":"https:\/\/frontrose.gay\/en\/appel-de-texte\/","title":{"rendered":"Call for proposals"},"content":{"rendered":"<hr class=\"wp-block-separator has-text-color has-pale-pink-color has-alpha-channel-opacity has-pale-pink-background-color has-background\"\/>\n\n\n\n<h3 class=\"wp-block-heading\"><strong>Title: Drawing revolutionary horizons<\/strong><\/h3>\n\n\n\n<p>For its second edition, Front Rose invites its contributors to reflect about utopia and to move toward\u00a0revolutionary propositions: visions, practices, and strategies for living otherwise!\u00a0\u00a0&nbsp;&nbsp;<\/p>\n\n\n\n<h5 class=\"wp-block-heading\"><strong>On Utopia<\/strong><\/h5>\n\n\n\n<p>\"Utopia\" as often been the name given to the depiction of an idealized society, expurged of any negative elements. We are supposed to long for it. We know however how this ideal has been built by dominant voices and rooted in the oppression of others.<\/p>\n\n\n\n<p>We reject utopia as a distant fantasy, technocratic blueprint, or apolitical dream detached from material struggle. For this project, utopia is understood as a\u00a0method and a horizon, a practice of imagining and rehearsing futures that actively rupture the current present order.<\/p>\n\n\n\n<p>Utopia, in this sense, is not perfection. It is an unfinished, collective process rooted in refusal, experimentation, and desire. It emerges from struggle and is accountable to the conditions of survival, care, and resistance in the present time.<\/p>\n\n\n\n<h5 class=\"wp-block-heading\"><strong>Queer Futurity<\/strong><\/h5>\n\n\n\n<p class=\"translation-block\">We understand Queer futurity as a revolutionary horizon that refuses the straight lines of capitalist progress, colonial time, and state-managed inclusion. It is not about assimilating queer life into existing systems of exploitation and control, but rather about abolishing the systems that make queer survival precarious in the first place.<\/p>\n\n\n\n<p>From an revolutionary perspective, queer futurity imagines futures where:<\/p>\n\n\n\n<ul class=\"wp-block-list\">\n<li>La vie n&rsquo;est pas organis\u00e9e autour du profit, de la productivit\u00e9 ou du travail salari\u00e9;<\/li>\n\n\n\n<li>Le genre, la sexualit\u00e9 et la parent\u00e9 sont lib\u00e9r\u00e9s de la r\u00e9glementation \u00e9tatique, religieuse et commerciale;<\/li>\n\n\n\n<li>Les fronti\u00e8res, les prisons et la police ne structurent plus l&rsquo;appartenance ou la s\u00e9curit\u00e9;<\/li>\n\n\n\n<li>Les relations coloniales \u00e0 la terre sont d\u00e9mantel\u00e9es et les \u00e9cosyst\u00e8mes sont d\u00e9fendus contre l&rsquo;exploitation et l&rsquo;effondrement;<\/li>\n\n\n\n<li>Les soins, l&rsquo;interd\u00e9pendance et la survie collective remplacent la punition, la raret\u00e9 et la concurrence.<\/li>\n<\/ul>\n\n\n\n<p>Queer futurity insists that queer liberation is inseparable from the abolition of capitalism, colonialism, and the conditions driving environmental destruction. It is part of a collective process of imagining and naming futures worth struggling for, futures that refuse the inevitability of capitalism, colonial rule, and environmental devastation<\/p>\n\n\n\n<p class=\"translation-block\">We are not asking what the future will be.\nWe are asking what futures we are willing to build together.\u200b\u200b\u200b\u200b\u200b\u200b\u200b<\/p>\n\n\n\n<p>We are interested in work that explores the tension and relationship between\u00a0local struggle and global struggle, how grounded, place-based resistance connects to transnational movements, shared conditions of oppression, and collective liberation across borders.\u00a0&nbsp;<\/p>\n\n\n\n<p class=\"translation-block\">Please send your texts to <a href=\"mailto:frontrose@riseup.net\" target=\"_self\">frontrose@riseup.net<\/a> by march 30th\u00a0for publication in Fall 2026. A more detailed submission protocol is available here:\n\ud83d\udc49 \u00a0<a href=\"https:\/\/frontrose.gay\/en\/soumettre-un-texte-a-front-rose\/\" target=\"_self\">https:\/\/frontrose.gay\/soumettre-un-texte-a-front-rose\/<\/a><\/p>\n\n\n\n<p class=\"translation-block\">Submitted articles must be unpublished at the time of submission and until the issue is published, after which the author may dispose of them as they wish and publish them wherever they want without prior agreement. Unless otherwise agreed, all articles that appear in a print edition of Front rose will eventually be made available on our website within one year of publication.<\/p>\n\n\n\n<p><\/p>\n\n\n\n<p><\/p>\n\n\n\n<p><\/p>\n\n\n\n<p><\/p>\n\n\n\n<p><\/p>\n\n\n\n<p><\/p>\n\n\n\n<div class=\"mzb-section mzb-section-dc2d3977\"><div class=\"mzb-container\"><div class=\"mzb-section-inner is-horizontal justify-center align-center\"><\/div><\/div><\/div>\n\n\n\n<div class=\"mzb-section mzb-section-82d07b8f\"><div class=\"mzb-container\"><div class=\"mzb-section-inner is-horizontal justify-center align-center\"><\/div><\/div><\/div>\n\n\n\n<p><\/p>","protected":false},"excerpt":{"rendered":"<p>Titre:&nbsp;Esquisser des horizons r\u00e9volutionnaires Pour sa deuxi\u00e8me \u00e9dition, Front Rose invite ses contributeurices \u00e0 r\u00e9fl\u00e9chir \u00e0 l&rsquo;utopie et \u00e0 risquer<\/p>","protected":false},"author":1,"featured_media":7590,"parent":0,"menu_order":0,"comment_status":"closed","ping_status":"closed","template":"","meta":{"colormag_page_layout":"default_layout","footnotes":""},"class_list":["post-6876","page","type-page","status-publish","has-post-thumbnail","hentry"],"magazineBlocksPostFeaturedMedia":{"thumbnail":"https:\/\/frontrose.gay\/wp-content\/uploads\/2026\/02\/ARchivons-nos-histoires1-e1771016072556-150x150.png","medium":"https:\/\/frontrose.gay\/wp-content\/uploads\/2026\/02\/ARchivons-nos-histoires1-e1771016072556-300x214.png","medium_large":"https:\/\/frontrose.gay\/wp-content\/uploads\/2026\/02\/ARchivons-nos-histoires1-768x380.png","large":"https:\/\/frontrose.gay\/wp-content\/uploads\/2026\/02\/ARchivons-nos-histoires1-e1771016072556.png","1536x1536":"https:\/\/frontrose.gay\/wp-content\/uploads\/2026\/02\/ARchivons-nos-histoires1-e1771016072556.png","2048x2048":"https:\/\/frontrose.gay\/wp-content\/uploads\/2026\/02\/ARchivons-nos-histoires1-e1771016072556.png","trp-custom-language-flag":"https:\/\/frontrose.gay\/wp-content\/uploads\/2026\/02\/ARchivons-nos-histoires1-e1771016072556-18x12.png","colormag-highlighted-post":"https:\/\/frontrose.gay\/wp-content\/uploads\/2026\/02\/ARchivons-nos-histoires1-e1771016072556-392x272.png","colormag-featured-post-medium":"https:\/\/frontrose.gay\/wp-content\/uploads\/2026\/02\/ARchivons-nos-histoires1-e1771016072556-390x205.png","colormag-featured-post-small":"https:\/\/frontrose.gay\/wp-content\/uploads\/2026\/02\/ARchivons-nos-histoires1-e1771016072556-130x90.png","colormag-featured-image":"https:\/\/frontrose.gay\/wp-content\/uploads\/2026\/02\/ARchivons-nos-histoires1-800x445.png","colormag-default-news":"https:\/\/frontrose.gay\/wp-content\/uploads\/2026\/02\/ARchivons-nos-histoires1-e1771016072556-150x150.png","colormag-featured-image-large":"https:\/\/frontrose.gay\/wp-content\/uploads\/2026\/02\/ARchivons-nos-histoires1-e1771016072556.png","colormag-elementor-block-extra-large-thumbnail":"https:\/\/frontrose.gay\/wp-content\/uploads\/2026\/02\/ARchivons-nos-histoires1-e1771016072556.png","colormag-elementor-grid-large-thumbnail":"https:\/\/frontrose.gay\/wp-content\/uploads\/2026\/02\/ARchivons-nos-histoires1-e1771016072556-600x417.png","colormag-elementor-grid-small-thumbnail":"https:\/\/frontrose.gay\/wp-content\/uploads\/2026\/02\/ARchivons-nos-histoires1-e1771016072556-285x445.png","colormag-elementor-grid-medium-large-thumbnail":"https:\/\/frontrose.gay\/wp-content\/uploads\/2026\/02\/ARchivons-nos-histoires1-e1771016072556-575x198.png","mailpoet_newsletter_max":"https:\/\/frontrose.gay\/wp-content\/uploads\/2026\/02\/ARchivons-nos-histoires1-e1771016072556.png"},"magazineBlocksPostAuthor":{"name":"Front Rose","avatar":"https:\/\/secure.gravatar.com\/avatar\/538a2f1aa4c43ebe553db8c07e2bfc5bdfca24c2817d2fd416ffe336cb23e0c1?s=96&d=blank&r=g"},"magazineBlocksPostCommentsNumber":false,"magazineBlocksPostExcerpt":"Titre:&nbsp;Esquisser des horizons r\u00e9volutionnaires Pour sa deuxi\u00e8me \u00e9dition, Front Rose invite ses contributeurices \u00e0 r\u00e9fl\u00e9chir \u00e0 l&rsquo;utopie et \u00e0 risquer","magazineBlocksPostCategories":[],"magazineBlocksPostViewCount":0,"magazineBlocksPostReadTime":4,"yoast_head":"<!-- This site is optimized with the Yoast SEO plugin v27.0 - https:\/\/yoast.com\/product\/yoast-seo-wordpress\/ -->\n<title>Appel de textes - Front Rose<\/title>\n<meta name=\"robots\" content=\"index, follow, max-snippet:-1, max-image-preview:large, max-video-preview:-1\" \/>\n<link rel=\"canonical\" href=\"https:\/\/frontrose.gay\/en\/appel-de-texte\/\" \/>\n<meta property=\"og:locale\" content=\"en_US\" \/>\n<meta property=\"og:type\" content=\"article\" \/>\n<meta property=\"og:title\" content=\"Appel de textes - Front Rose\" \/>\n<meta property=\"og:description\" content=\"Titre:&nbsp;Esquisser des horizons r\u00e9volutionnaires Pour sa deuxi\u00e8me \u00e9dition, Front Rose invite ses contributeurices \u00e0 r\u00e9fl\u00e9chir \u00e0 l&rsquo;utopie et \u00e0 risquer\" \/>\n<meta property=\"og:url\" content=\"https:\/\/frontrose.gay\/en\/appel-de-texte\/\" \/>\n<meta property=\"og:site_name\" content=\"Front Rose\" \/>\n<meta property=\"article:modified_time\" content=\"2026-02-19T17:40:31+00:00\" \/>\n<meta property=\"og:image\" content=\"https:\/\/frontrose.gay\/wp-content\/uploads\/2026\/02\/ARchivons-nos-histoires1-e1771016072556.png\" \/>\n\t<meta property=\"og:image:width\" content=\"624\" \/>\n\t<meta property=\"og:image:height\" content=\"445\" \/>\n\t<meta property=\"og:image:type\" content=\"image\/png\" \/>\n<meta name=\"twitter:card\" content=\"summary_large_image\" \/>\n<meta name=\"twitter:label1\" content=\"Est. reading time\" \/>\n\t<meta name=\"twitter:data1\" content=\"4 minutes\" \/>\n<script type=\"application\/ld+json\" class=\"yoast-schema-graph\">{\"@context\":\"https:\/\/schema.org\",\"@graph\":[{\"@type\":\"WebPage\",\"@id\":\"https:\/\/frontrose.gay\/appel-de-texte\/\",\"url\":\"https:\/\/frontrose.gay\/appel-de-texte\/\",\"name\":\"Appel de textes - Front Rose\",\"isPartOf\":{\"@id\":\"https:\/\/frontrose.gay\/#website\"},\"primaryImageOfPage\":{\"@id\":\"https:\/\/frontrose.gay\/appel-de-texte\/#primaryimage\"},\"image\":{\"@id\":\"https:\/\/frontrose.gay\/appel-de-texte\/#primaryimage\"},\"thumbnailUrl\":\"https:\/\/frontrose.gay\/wp-content\/uploads\/2026\/02\/ARchivons-nos-histoires1-e1771016072556.png\",\"datePublished\":\"2025-06-20T19:11:52+00:00\",\"dateModified\":\"2026-02-19T17:40:31+00:00\",\"breadcrumb\":{\"@id\":\"https:\/\/frontrose.gay\/appel-de-texte\/#breadcrumb\"},\"inLanguage\":\"en-CA\",\"potentialAction\":[{\"@type\":\"ReadAction\",\"target\":[\"https:\/\/frontrose.gay\/appel-de-texte\/\"]}]},{\"@type\":\"ImageObject\",\"inLanguage\":\"en-CA\",\"@id\":\"https:\/\/frontrose.gay\/appel-de-texte\/#primaryimage\",\"url\":\"https:\/\/frontrose.gay\/wp-content\/uploads\/2026\/02\/ARchivons-nos-histoires1-e1771016072556.png\",\"contentUrl\":\"https:\/\/frontrose.gay\/wp-content\/uploads\/2026\/02\/ARchivons-nos-histoires1-e1771016072556.png\",\"width\":624,\"height\":445},{\"@type\":\"BreadcrumbList\",\"@id\":\"https:\/\/frontrose.gay\/appel-de-texte\/#breadcrumb\",\"itemListElement\":[{\"@type\":\"ListItem\",\"position\":1,\"name\":\"Home\",\"item\":\"https:\/\/frontrose.gay\/\"},{\"@type\":\"ListItem\",\"position\":2,\"name\":\"Appel de textes\"}]},{\"@type\":\"WebSite\",\"@id\":\"https:\/\/frontrose.gay\/#website\",\"url\":\"https:\/\/frontrose.gay\/\",\"name\":\"Front Rose\",\"description\":\"Front Rose n&#039;est pas un magazine de lifestyle queer\",\"publisher\":{\"@id\":\"https:\/\/frontrose.gay\/#organization\"},\"alternateName\":\"frontrose\",\"potentialAction\":[{\"@type\":\"SearchAction\",\"target\":{\"@type\":\"EntryPoint\",\"urlTemplate\":\"https:\/\/frontrose.gay\/?s={search_term_string}\"},\"query-input\":{\"@type\":\"PropertyValueSpecification\",\"valueRequired\":true,\"valueName\":\"search_term_string\"}}],\"inLanguage\":\"en-CA\"},{\"@type\":\"Organization\",\"@id\":\"https:\/\/frontrose.gay\/#organization\",\"name\":\"Front Rose\",\"alternateName\":\"frontrose\",\"url\":\"https:\/\/frontrose.gay\/\",\"logo\":{\"@type\":\"ImageObject\",\"inLanguage\":\"en-CA\",\"@id\":\"https:\/\/frontrose.gay\/#\/schema\/logo\/image\/\",\"url\":\"https:\/\/frontrose.gay\/wp-content\/uploads\/2025\/02\/cropped-cropped-cropped-cropped-frontrose_logo_web-2.png\",\"contentUrl\":\"https:\/\/frontrose.gay\/wp-content\/uploads\/2025\/02\/cropped-cropped-cropped-cropped-frontrose_logo_web-2.png\",\"width\":958,\"height\":196,\"caption\":\"Front Rose\"},\"image\":{\"@id\":\"https:\/\/frontrose.gay\/#\/schema\/logo\/image\/\"}}]}<\/script>\n<!-- \/ Yoast SEO plugin. -->","yoast_head_json":{"title":"Appel de textes - Front Rose","robots":{"index":"index","follow":"follow","max-snippet":"max-snippet:-1","max-image-preview":"max-image-preview:large","max-video-preview":"max-video-preview:-1"},"canonical":"https:\/\/frontrose.gay\/en\/appel-de-texte\/","og_locale":"en_US","og_type":"article","og_title":"Appel de textes - Front Rose","og_description":"Titre:&nbsp;Esquisser des horizons r\u00e9volutionnaires Pour sa deuxi\u00e8me \u00e9dition, Front Rose invite ses contributeurices \u00e0 r\u00e9fl\u00e9chir \u00e0 l&rsquo;utopie et \u00e0 risquer","og_url":"https:\/\/frontrose.gay\/en\/appel-de-texte\/","og_site_name":"Front Rose","article_modified_time":"2026-02-19T17:40:31+00:00","og_image":[{"width":624,"height":445,"url":"https:\/\/frontrose.gay\/wp-content\/uploads\/2026\/02\/ARchivons-nos-histoires1-e1771016072556.png","type":"image\/png"}],"twitter_card":"summary_large_image","twitter_misc":{"Est. reading time":"4 minutes"},"schema":{"@context":"https:\/\/schema.org","@graph":[{"@type":"WebPage","@id":"https:\/\/frontrose.gay\/appel-de-texte\/","url":"https:\/\/frontrose.gay\/appel-de-texte\/","name":"Appel de textes - Front Rose","isPartOf":{"@id":"https:\/\/frontrose.gay\/#website"},"primaryImageOfPage":{"@id":"https:\/\/frontrose.gay\/appel-de-texte\/#primaryimage"},"image":{"@id":"https:\/\/frontrose.gay\/appel-de-texte\/#primaryimage"},"thumbnailUrl":"https:\/\/frontrose.gay\/wp-content\/uploads\/2026\/02\/ARchivons-nos-histoires1-e1771016072556.png","datePublished":"2025-06-20T19:11:52+00:00","dateModified":"2026-02-19T17:40:31+00:00","breadcrumb":{"@id":"https:\/\/frontrose.gay\/appel-de-texte\/#breadcrumb"},"inLanguage":"en-CA","potentialAction":[{"@type":"ReadAction","target":["https:\/\/frontrose.gay\/appel-de-texte\/"]}]},{"@type":"ImageObject","inLanguage":"en-CA","@id":"https:\/\/frontrose.gay\/appel-de-texte\/#primaryimage","url":"https:\/\/frontrose.gay\/wp-content\/uploads\/2026\/02\/ARchivons-nos-histoires1-e1771016072556.png","contentUrl":"https:\/\/frontrose.gay\/wp-content\/uploads\/2026\/02\/ARchivons-nos-histoires1-e1771016072556.png","width":624,"height":445},{"@type":"BreadcrumbList","@id":"https:\/\/frontrose.gay\/appel-de-texte\/#breadcrumb","itemListElement":[{"@type":"ListItem","position":1,"name":"Home","item":"https:\/\/frontrose.gay\/"},{"@type":"ListItem","position":2,"name":"Appel de textes"}]},{"@type":"WebSite","@id":"https:\/\/frontrose.gay\/#website","url":"https:\/\/frontrose.gay\/","name":"Front Rose","description":"Front Rose n&#039;est pas un magazine de lifestyle queer","publisher":{"@id":"https:\/\/frontrose.gay\/#organization"},"alternateName":"frontrose","potentialAction":[{"@type":"SearchAction","target":{"@type":"EntryPoint","urlTemplate":"https:\/\/frontrose.gay\/?s={search_term_string}"},"query-input":{"@type":"PropertyValueSpecification","valueRequired":true,"valueName":"search_term_string"}}],"inLanguage":"en-CA"},{"@type":"Organization","@id":"https:\/\/frontrose.gay\/#organization","name":"Front Rose","alternateName":"frontrose","url":"https:\/\/frontrose.gay\/","logo":{"@type":"ImageObject","inLanguage":"en-CA","@id":"https:\/\/frontrose.gay\/#\/schema\/logo\/image\/","url":"https:\/\/frontrose.gay\/wp-content\/uploads\/2025\/02\/cropped-cropped-cropped-cropped-frontrose_logo_web-2.png","contentUrl":"https:\/\/frontrose.gay\/wp-content\/uploads\/2025\/02\/cropped-cropped-cropped-cropped-frontrose_logo_web-2.png","width":958,"height":196,"caption":"Front Rose"},"image":{"@id":"https:\/\/frontrose.gay\/#\/schema\/logo\/image\/"}}]}},"jetpack_sharing_enabled":true,"_links":{"self":[{"href":"https:\/\/frontrose.gay\/en\/wp-json\/wp\/v2\/pages\/6876","targetHints":{"allow":["GET"]}}],"collection":[{"href":"https:\/\/frontrose.gay\/en\/wp-json\/wp\/v2\/pages"}],"about":[{"href":"https:\/\/frontrose.gay\/en\/wp-json\/wp\/v2\/types\/page"}],"author":[{"embeddable":true,"href":"https:\/\/frontrose.gay\/en\/wp-json\/wp\/v2\/users\/1"}],"replies":[{"embeddable":true,"href":"https:\/\/frontrose.gay\/en\/wp-json\/wp\/v2\/comments?post=6876"}],"version-history":[{"count":9,"href":"https:\/\/frontrose.gay\/en\/wp-json\/wp\/v2\/pages\/6876\/revisions"}],"predecessor-version":[{"id":7601,"href":"https:\/\/frontrose.gay\/en\/wp-json\/wp\/v2\/pages\/6876\/revisions\/7601"}],"wp:featuredmedia":[{"embeddable":true,"href":"https:\/\/frontrose.gay\/en\/wp-json\/wp\/v2\/media\/7590"}],"wp:attachment":[{"href":"https:\/\/frontrose.gay\/en\/wp-json\/wp\/v2\/media?parent=6876"}],"curies":[{"name":"wp","href":"https:\/\/api.w.org\/{rel}","templated":true}]}}