{"id":7107,"date":"2025-07-06T17:41:16","date_gmt":"2025-07-06T17:41:16","guid":{"rendered":"https:\/\/frontrose.gay\/?page_id=7107"},"modified":"2025-07-06T17:41:17","modified_gmt":"2025-07-06T17:41:17","slug":"infolettre","status":"publish","type":"page","link":"https:\/\/frontrose.gay\/en\/infolettre\/","title":{"rendered":"Infolettre"},"content":{"rendered":"<h2 class=\"wp-block-heading\">Latest Articles<\/h2>\n\n\n\n<hr class=\"wp-block-separator has-alpha-channel-opacity is-style-wide\"\/>\n\n\n<ul class=\"wp-block-latest-posts__list is-grid columns-2 has-dates has-link-color wp-elements-e672225a951e20f30eb6c1e66cc58db5 wp-block-latest-posts has-text-color has-black-color\"><li><div class=\"wp-block-latest-posts__featured-image\"><img fetchpriority=\"high\" decoding=\"async\" width=\"800\" height=\"396\" src=\"https:\/\/frontrose.gay\/wp-content\/uploads\/2026\/04\/soira.png\" class=\"attachment-large size-large wp-post-image\" alt=\"\" style=\"\" srcset=\"https:\/\/frontrose.gay\/wp-content\/uploads\/2026\/04\/soira.png 900w, https:\/\/frontrose.gay\/wp-content\/uploads\/2026\/04\/soira-300x148.png 300w, https:\/\/frontrose.gay\/wp-content\/uploads\/2026\/04\/soira-768x380.png 768w, https:\/\/frontrose.gay\/wp-content\/uploads\/2026\/04\/soira-18x9.png 18w\" sizes=\"(max-width: 800px) 100vw, 800px\" \/><\/div><a class=\"wp-block-latest-posts__post-title\" href=\"https:\/\/frontrose.gay\/en\/le-projet-de-loi-c-2-affecte-les-personnes-2slgbtqia-au-canada-par-le-biais-un-autoritarisme-transfrontalier\/\">Bill C-2 affects 2SLGBTQIA+ in \"Canada\" through cross-border authoritarianism<\/a><time datetime=\"2026-04-02T17:31:49+00:00\" class=\"wp-block-latest-posts__post-date\">2026-04-02<\/time><div class=\"wp-block-latest-posts__post-excerpt\">The Liberal Government\u2019s first tabled bill in Parliament\u2014Bill C-2: the Strong Borders Act\u2014has drawn significant criticism for its sweeping legislative changes.<\/div><\/li>\n<li><div class=\"wp-block-latest-posts__featured-image\"><img decoding=\"async\" width=\"800\" height=\"396\" src=\"https:\/\/frontrose.gay\/wp-content\/uploads\/2026\/03\/Ajouter-un-titre-900-x-445-px1.png\" class=\"attachment-large size-large wp-post-image\" alt=\"\" style=\"\" srcset=\"https:\/\/frontrose.gay\/wp-content\/uploads\/2026\/03\/Ajouter-un-titre-900-x-445-px1.png 900w, https:\/\/frontrose.gay\/wp-content\/uploads\/2026\/03\/Ajouter-un-titre-900-x-445-px1-300x148.png 300w, https:\/\/frontrose.gay\/wp-content\/uploads\/2026\/03\/Ajouter-un-titre-900-x-445-px1-768x380.png 768w, https:\/\/frontrose.gay\/wp-content\/uploads\/2026\/03\/Ajouter-un-titre-900-x-445-px1-18x9.png 18w\" sizes=\"(max-width: 800px) 100vw, 800px\" \/><\/div><a class=\"wp-block-latest-posts__post-title\" href=\"https:\/\/frontrose.gay\/en\/une-semaine-de-greve-en-chemin-vers-la-gg\/\">Une semaine de gr\u00e8ve en chemin vers la GGI : Entrevue avec Na\u00efma Le N\u00e9dic ex\u00e9cutante de la CRUES<\/a><time datetime=\"2026-03-18T15:43:06+00:00\" class=\"wp-block-latest-posts__post-date\">2026-03-18<\/time><div class=\"wp-block-latest-posts__post-excerpt\">Du 23 au 27 mars se tiendra la semaine de gr\u00e8ve et d&rsquo;action contre l&rsquo;aust\u00e9rit\u00e9 de la CRUES. Cette mobilisation s&rsquo;inscrit dans le cadre d&rsquo;une campagne lanc\u00e9e \u00e0 l&rsquo;automne dernier et qui pr\u00e9voit une escalade des moyens de pression pouvant culminer, si l&rsquo;organisation n&rsquo;obtient pas de gain de cause, jusqu&rsquo;\u00e0 une Gr\u00e8ve G\u00e9n\u00e9rale Illimit\u00e9 en 2027.<\/div><\/li>\n<li><div class=\"wp-block-latest-posts__featured-image\"><img decoding=\"async\" width=\"800\" height=\"396\" src=\"https:\/\/frontrose.gay\/wp-content\/uploads\/2026\/02\/FD3098C2-FACB-4095-8F66-A00A4C4C1A55.jpeg\" class=\"attachment-large size-large wp-post-image\" alt=\"\" style=\"\" srcset=\"https:\/\/frontrose.gay\/wp-content\/uploads\/2026\/02\/FD3098C2-FACB-4095-8F66-A00A4C4C1A55.jpeg 900w, https:\/\/frontrose.gay\/wp-content\/uploads\/2026\/02\/FD3098C2-FACB-4095-8F66-A00A4C4C1A55-300x148.jpeg 300w, https:\/\/frontrose.gay\/wp-content\/uploads\/2026\/02\/FD3098C2-FACB-4095-8F66-A00A4C4C1A55-768x380.jpeg 768w, https:\/\/frontrose.gay\/wp-content\/uploads\/2026\/02\/FD3098C2-FACB-4095-8F66-A00A4C4C1A55-18x9.jpeg 18w\" sizes=\"(max-width: 800px) 100vw, 800px\" \/><\/div><a class=\"wp-block-latest-posts__post-title\" href=\"https:\/\/frontrose.gay\/en\/manifestation-contre-gardaworld-et-ice\/\">Manifestation contre Gardaworld et ICE<\/a><time datetime=\"2026-02-16T18:21:12+00:00\" class=\"wp-block-latest-posts__post-date\">2026-02-16<\/time><div class=\"wp-block-latest-posts__post-excerpt\">Le 13 f\u00e9vrier, une manifestation avait lieu dans ville Saint-Laurent pour d\u00e9noncer les liens de Garda World avec la police de l&rsquo;immigration am\u00e9ricaine ICE ainsi que le financement de cette derni\u00e8re par le gouvernement qu\u00e9b\u00e9cois et canadien.<\/div><\/li>\n<li><div class=\"wp-block-latest-posts__featured-image\"><img loading=\"lazy\" decoding=\"async\" width=\"800\" height=\"398\" src=\"https:\/\/frontrose.gay\/wp-content\/uploads\/2025\/12\/radpride_banner.png\" class=\"attachment-large size-large wp-post-image\" alt=\"\" style=\"\" srcset=\"https:\/\/frontrose.gay\/wp-content\/uploads\/2025\/12\/radpride_banner.png 900w, https:\/\/frontrose.gay\/wp-content\/uploads\/2025\/12\/radpride_banner-300x149.png 300w, https:\/\/frontrose.gay\/wp-content\/uploads\/2025\/12\/radpride_banner-768x382.png 768w, https:\/\/frontrose.gay\/wp-content\/uploads\/2025\/12\/radpride_banner-18x9.png 18w\" sizes=\"(max-width: 800px) 100vw, 800px\" \/><\/div><a class=\"wp-block-latest-posts__post-title\" href=\"https:\/\/frontrose.gay\/en\/pour-un-mouvement-queer-revolutionnaire\/\">Pour un mouvement queer r\u00e9volutionnaire<\/a><time datetime=\"2026-01-30T17:00:35+00:00\" class=\"wp-block-latest-posts__post-date\">2026-01-30<\/time><div class=\"wp-block-latest-posts__post-excerpt\">La condition actuelle des communaut\u00e9s queers est paradoxalement l\u2019une des meilleures et l\u2019une des pires que nous avons\u00a0connue dans les soci\u00e9t\u00e9s occidentales capitalistes modernes. <\/div><\/li>\n<li><div class=\"wp-block-latest-posts__featured-image\"><img loading=\"lazy\" decoding=\"async\" width=\"800\" height=\"396\" src=\"https:\/\/frontrose.gay\/wp-content\/uploads\/2026\/01\/Ajouter-un-titre-900-x-445-px.png\" class=\"attachment-large size-large wp-post-image\" alt=\"\" style=\"\" srcset=\"https:\/\/frontrose.gay\/wp-content\/uploads\/2026\/01\/Ajouter-un-titre-900-x-445-px.png 900w, https:\/\/frontrose.gay\/wp-content\/uploads\/2026\/01\/Ajouter-un-titre-900-x-445-px-300x148.png 300w, https:\/\/frontrose.gay\/wp-content\/uploads\/2026\/01\/Ajouter-un-titre-900-x-445-px-768x380.png 768w, https:\/\/frontrose.gay\/wp-content\/uploads\/2026\/01\/Ajouter-un-titre-900-x-445-px-18x9.png 18w\" sizes=\"(max-width: 800px) 100vw, 800px\" \/><\/div><a class=\"wp-block-latest-posts__post-title\" href=\"https:\/\/frontrose.gay\/en\/declaration-post-condamnation\/\">D\u00e9claration post-condamnation<\/a><time datetime=\"2026-01-28T16:48:54+00:00\" class=\"wp-block-latest-posts__post-date\">2026-01-28<\/time><div class=\"wp-block-latest-posts__post-excerpt\">Tr\u00e8s peu de gens connaissent Rita Bo Brown et le r\u00f4le qu\u2019elle a jou\u00e9 dans les cercles insurrectionnels anarchistes et lesbiens des ann\u00e9es 1970-80. Rita bo Brown est une butch blanche de la classe ouvri\u00e8re rurale de l\u2019Oregon.<\/div><\/li>\n<\/ul>","protected":false},"excerpt":{"rendered":"<p>Latest Articles<\/p>","protected":false},"author":1,"featured_media":0,"parent":0,"menu_order":0,"comment_status":"closed","ping_status":"closed","template":"","meta":{"colormag_page_layout":"default_layout","footnotes":""},"class_list":["post-7107","page","type-page","status-publish","hentry"],"magazineBlocksPostFeaturedMedia":{"thumbnail":false,"medium":false,"medium_large":false,"large":false,"1536x1536":false,"2048x2048":false,"trp-custom-language-flag":false,"colormag-highlighted-post":false,"colormag-featured-post-medium":false,"colormag-featured-post-small":false,"colormag-featured-image":false,"colormag-default-news":false,"colormag-featured-image-large":false,"colormag-elementor-block-extra-large-thumbnail":false,"colormag-elementor-grid-large-thumbnail":false,"colormag-elementor-grid-small-thumbnail":false,"colormag-elementor-grid-medium-large-thumbnail":false,"mailpoet_newsletter_max":false},"magazineBlocksPostAuthor":{"name":"Front Rose","avatar":"https:\/\/secure.gravatar.com\/avatar\/538a2f1aa4c43ebe553db8c07e2bfc5bdfca24c2817d2fd416ffe336cb23e0c1?s=96&d=blank&r=g"},"magazineBlocksPostCommentsNumber":false,"magazineBlocksPostExcerpt":"Derniers articles","magazineBlocksPostCategories":[],"magazineBlocksPostViewCount":0,"magazineBlocksPostReadTime":1,"yoast_head":"<!-- This site is optimized with the Yoast SEO plugin v27.0 - https:\/\/yoast.com\/product\/yoast-seo-wordpress\/ -->\n<title>Infolettre - Front Rose<\/title>\n<meta name=\"robots\" content=\"index, follow, max-snippet:-1, max-image-preview:large, max-video-preview:-1\" \/>\n<link rel=\"canonical\" href=\"https:\/\/frontrose.gay\/en\/infolettre\/\" \/>\n<meta property=\"og:locale\" content=\"en_US\" \/>\n<meta property=\"og:type\" content=\"article\" \/>\n<meta property=\"og:title\" content=\"Infolettre - Front Rose\" \/>\n<meta property=\"og:description\" content=\"Derniers articles\" \/>\n<meta property=\"og:url\" content=\"https:\/\/frontrose.gay\/en\/infolettre\/\" \/>\n<meta property=\"og:site_name\" content=\"Front Rose\" \/>\n<meta property=\"article:modified_time\" content=\"2025-07-06T17:41:17+00:00\" \/>\n<meta property=\"og:image\" content=\"https:\/\/frontrose.gay\/wp-content\/uploads\/2025\/02\/cropped-cropped-frontrose_logo_web.png\" \/>\n\t<meta property=\"og:image:width\" content=\"1500\" \/>\n\t<meta property=\"og:image:height\" content=\"368\" \/>\n\t<meta property=\"og:image:type\" content=\"image\/png\" \/>\n<meta name=\"twitter:card\" content=\"summary_large_image\" \/>\n<meta name=\"twitter:label1\" content=\"Est. reading time\" \/>\n\t<meta name=\"twitter:data1\" content=\"1 minute\" \/>\n<script type=\"application\/ld+json\" class=\"yoast-schema-graph\">{\"@context\":\"https:\/\/schema.org\",\"@graph\":[{\"@type\":\"WebPage\",\"@id\":\"https:\/\/frontrose.gay\/infolettre\/\",\"url\":\"https:\/\/frontrose.gay\/infolettre\/\",\"name\":\"Infolettre - Front Rose\",\"isPartOf\":{\"@id\":\"https:\/\/frontrose.gay\/#website\"},\"datePublished\":\"2025-07-06T17:41:16+00:00\",\"dateModified\":\"2025-07-06T17:41:17+00:00\",\"breadcrumb\":{\"@id\":\"https:\/\/frontrose.gay\/infolettre\/#breadcrumb\"},\"inLanguage\":\"en-CA\",\"potentialAction\":[{\"@type\":\"ReadAction\",\"target\":[\"https:\/\/frontrose.gay\/infolettre\/\"]}]},{\"@type\":\"BreadcrumbList\",\"@id\":\"https:\/\/frontrose.gay\/infolettre\/#breadcrumb\",\"itemListElement\":[{\"@type\":\"ListItem\",\"position\":1,\"name\":\"Home\",\"item\":\"https:\/\/frontrose.gay\/\"},{\"@type\":\"ListItem\",\"position\":2,\"name\":\"Infolettre\"}]},{\"@type\":\"WebSite\",\"@id\":\"https:\/\/frontrose.gay\/#website\",\"url\":\"https:\/\/frontrose.gay\/\",\"name\":\"Front Rose\",\"description\":\"Front Rose n&#039;est pas un magazine de lifestyle queer\",\"publisher\":{\"@id\":\"https:\/\/frontrose.gay\/#organization\"},\"alternateName\":\"frontrose\",\"potentialAction\":[{\"@type\":\"SearchAction\",\"target\":{\"@type\":\"EntryPoint\",\"urlTemplate\":\"https:\/\/frontrose.gay\/?s={search_term_string}\"},\"query-input\":{\"@type\":\"PropertyValueSpecification\",\"valueRequired\":true,\"valueName\":\"search_term_string\"}}],\"inLanguage\":\"en-CA\"},{\"@type\":\"Organization\",\"@id\":\"https:\/\/frontrose.gay\/#organization\",\"name\":\"Front Rose\",\"alternateName\":\"frontrose\",\"url\":\"https:\/\/frontrose.gay\/\",\"logo\":{\"@type\":\"ImageObject\",\"inLanguage\":\"en-CA\",\"@id\":\"https:\/\/frontrose.gay\/#\/schema\/logo\/image\/\",\"url\":\"https:\/\/frontrose.gay\/wp-content\/uploads\/2025\/02\/cropped-cropped-cropped-cropped-frontrose_logo_web-2.png\",\"contentUrl\":\"https:\/\/frontrose.gay\/wp-content\/uploads\/2025\/02\/cropped-cropped-cropped-cropped-frontrose_logo_web-2.png\",\"width\":958,\"height\":196,\"caption\":\"Front Rose\"},\"image\":{\"@id\":\"https:\/\/frontrose.gay\/#\/schema\/logo\/image\/\"}}]}<\/script>\n<!-- \/ Yoast SEO plugin. -->","yoast_head_json":{"title":"Infolettre - Front Rose","robots":{"index":"index","follow":"follow","max-snippet":"max-snippet:-1","max-image-preview":"max-image-preview:large","max-video-preview":"max-video-preview:-1"},"canonical":"https:\/\/frontrose.gay\/en\/infolettre\/","og_locale":"en_US","og_type":"article","og_title":"Infolettre - Front Rose","og_description":"Derniers articles","og_url":"https:\/\/frontrose.gay\/en\/infolettre\/","og_site_name":"Front Rose","article_modified_time":"2025-07-06T17:41:17+00:00","og_image":[{"width":1500,"height":368,"url":"https:\/\/frontrose.gay\/wp-content\/uploads\/2025\/02\/cropped-cropped-frontrose_logo_web.png","type":"image\/png"}],"twitter_card":"summary_large_image","twitter_misc":{"Est. reading time":"1 minute"},"schema":{"@context":"https:\/\/schema.org","@graph":[{"@type":"WebPage","@id":"https:\/\/frontrose.gay\/infolettre\/","url":"https:\/\/frontrose.gay\/infolettre\/","name":"Infolettre - Front Rose","isPartOf":{"@id":"https:\/\/frontrose.gay\/#website"},"datePublished":"2025-07-06T17:41:16+00:00","dateModified":"2025-07-06T17:41:17+00:00","breadcrumb":{"@id":"https:\/\/frontrose.gay\/infolettre\/#breadcrumb"},"inLanguage":"en-CA","potentialAction":[{"@type":"ReadAction","target":["https:\/\/frontrose.gay\/infolettre\/"]}]},{"@type":"BreadcrumbList","@id":"https:\/\/frontrose.gay\/infolettre\/#breadcrumb","itemListElement":[{"@type":"ListItem","position":1,"name":"Home","item":"https:\/\/frontrose.gay\/"},{"@type":"ListItem","position":2,"name":"Infolettre"}]},{"@type":"WebSite","@id":"https:\/\/frontrose.gay\/#website","url":"https:\/\/frontrose.gay\/","name":"Front Rose","description":"Front Rose n&#039;est pas un magazine de lifestyle queer","publisher":{"@id":"https:\/\/frontrose.gay\/#organization"},"alternateName":"frontrose","potentialAction":[{"@type":"SearchAction","target":{"@type":"EntryPoint","urlTemplate":"https:\/\/frontrose.gay\/?s={search_term_string}"},"query-input":{"@type":"PropertyValueSpecification","valueRequired":true,"valueName":"search_term_string"}}],"inLanguage":"en-CA"},{"@type":"Organization","@id":"https:\/\/frontrose.gay\/#organization","name":"Front Rose","alternateName":"frontrose","url":"https:\/\/frontrose.gay\/","logo":{"@type":"ImageObject","inLanguage":"en-CA","@id":"https:\/\/frontrose.gay\/#\/schema\/logo\/image\/","url":"https:\/\/frontrose.gay\/wp-content\/uploads\/2025\/02\/cropped-cropped-cropped-cropped-frontrose_logo_web-2.png","contentUrl":"https:\/\/frontrose.gay\/wp-content\/uploads\/2025\/02\/cropped-cropped-cropped-cropped-frontrose_logo_web-2.png","width":958,"height":196,"caption":"Front Rose"},"image":{"@id":"https:\/\/frontrose.gay\/#\/schema\/logo\/image\/"}}]}},"jetpack_sharing_enabled":true,"_links":{"self":[{"href":"https:\/\/frontrose.gay\/en\/wp-json\/wp\/v2\/pages\/7107","targetHints":{"allow":["GET"]}}],"collection":[{"href":"https:\/\/frontrose.gay\/en\/wp-json\/wp\/v2\/pages"}],"about":[{"href":"https:\/\/frontrose.gay\/en\/wp-json\/wp\/v2\/types\/page"}],"author":[{"embeddable":true,"href":"https:\/\/frontrose.gay\/en\/wp-json\/wp\/v2\/users\/1"}],"replies":[{"embeddable":true,"href":"https:\/\/frontrose.gay\/en\/wp-json\/wp\/v2\/comments?post=7107"}],"version-history":[{"count":1,"href":"https:\/\/frontrose.gay\/en\/wp-json\/wp\/v2\/pages\/7107\/revisions"}],"predecessor-version":[{"id":7108,"href":"https:\/\/frontrose.gay\/en\/wp-json\/wp\/v2\/pages\/7107\/revisions\/7108"}],"wp:attachment":[{"href":"https:\/\/frontrose.gay\/en\/wp-json\/wp\/v2\/media?parent=7107"}],"curies":[{"name":"wp","href":"https:\/\/api.w.org\/{rel}","templated":true}]}}